{"id":1038,"date":"2021-09-01T13:49:53","date_gmt":"2021-09-01T13:49:53","guid":{"rendered":"http:\/\/dummy.xtemos.com\/woodmart2\/elementor\/?page_id=1038"},"modified":"2026-03-16T08:42:50","modified_gmt":"2026-03-16T08:42:50","slug":"home-fashion-flat","status":"publish","type":"page","link":"https:\/\/chi-naturals.com\/en\/","title":{"rendered":"Home"},"content":{"rendered":"<div data-elementor-type=\"wp-page\" data-elementor-id=\"1038\" class=\"elementor elementor-1038\" data-elementor-settings=\"{&quot;ha_cmc_init_switcher&quot;:&quot;no&quot;}\" data-elementor-post-type=\"page\">\n\t\t\t\t<div class=\"wd-negative-gap elementor-element elementor-element-f4ce794 e-flex e-con-boxed e-con e-parent\" data-id=\"f4ce794\" data-element_type=\"container\" data-e-type=\"container\" data-settings=\"{&quot;_ha_eqh_enable&quot;:false}\">\n\t\t\t\t\t<div class=\"e-con-inner\">\n\t\t\t\t\t<\/div>\n\t\t\t\t<\/div>\n\t\t<div class=\"elementor-element elementor-element-0cbc8e9 e-con-full wd-section-stretch-content color-scheme-light e-flex e-con e-parent\" data-id=\"0cbc8e9\" data-element_type=\"container\" data-e-type=\"container\" data-settings=\"{&quot;background_background&quot;:&quot;video&quot;,&quot;_ha_eqh_enable&quot;:false}\">\n\t\t\t\t<div class=\"elementor-element elementor-element-b459bd4 elementor-widget elementor-widget-wd_banner\" data-id=\"b459bd4\" data-element_type=\"widget\" data-e-type=\"widget\" data-widget_type=\"wd_banner.default\">\n\t\t\t\t<div class=\"elementor-widget-container\">\n\t\t\t\t\t\t\t<div class=\"promo-banner-wrapper\">\n\t\t\t<div class=\"promo-banner banner-default banner-hover-none color-scheme- banner-btn-size-default banner-btn-style-default wd-with-link\">\n\t\t\t\t<div class=\"main-wrapp-img\">\n\t\t\t\t\t<div class=\"banner-image wd-without-height\">\n\t\t\t\t\t\t\t\t\t\t\t\t\t\t\t\t\t\t\t\t\t<img loading=\"lazy\" decoding=\"async\" width=\"2560\" height=\"1440\" src=\"https:\/\/chi-naturals.com\/wp-content\/uploads\/2026\/03\/HOME-1-scaled.png\" class=\"attachment-full size-full\" alt=\"\" srcset=\"https:\/\/chi-naturals.com\/wp-content\/uploads\/2026\/03\/HOME-1-scaled.png 2560w, https:\/\/chi-naturals.com\/wp-content\/uploads\/2026\/03\/HOME-1-400x225.png 400w, https:\/\/chi-naturals.com\/wp-content\/uploads\/2026\/03\/HOME-1-1300x731.png 1300w, https:\/\/chi-naturals.com\/wp-content\/uploads\/2026\/03\/HOME-1-768x432.png 768w, https:\/\/chi-naturals.com\/wp-content\/uploads\/2026\/03\/HOME-1-1536x864.png 1536w, https:\/\/chi-naturals.com\/wp-content\/uploads\/2026\/03\/HOME-1-2048x1152.png 2048w, https:\/\/chi-naturals.com\/wp-content\/uploads\/2026\/03\/HOME-1-18x10.png 18w, https:\/\/chi-naturals.com\/wp-content\/uploads\/2026\/03\/HOME-1-430x242.png 430w, https:\/\/chi-naturals.com\/wp-content\/uploads\/2026\/03\/HOME-1-700x394.png 700w, https:\/\/chi-naturals.com\/wp-content\/uploads\/2026\/03\/HOME-1-150x84.png 150w\" sizes=\"auto, (max-width: 2560px) 100vw, 2560px\" \/>\t\t\t\t\t\t\t\t\t\t\t\t\t\t\t\t\t\t<\/div>\n\t\t\t\t<\/div>\n\n\t\t\t\t<div class=\"wrapper-content-banner wd-fill wd-items-top wd-justify-left\">\n\t\t\t\t\t<div class=\"content-banner  text-left\">\n\t\t\t\t\t\t\n\t\t\t\t\t\t\n\t\t\t\t\t\t\n\t\t\t\t\t\t\n\t\t\t\t\t\t\t\t\t\t\t<\/div>\n\t\t\t\t<\/div>\n\n\t\t\t\t\t\t\t\t\t<a href=\"#\" class=\"wd-promo-banner-link wd-fill\" aria-label=\"Banner link\"><\/a>\n\t\t\t\t\t\t\t<\/div>\n\t\t<\/div>\n\t\t\t\t\t\t<\/div>\n\t\t\t\t<\/div>\n\t\t\t\t<div class=\"elementor-element elementor-element-fc880e4 ha-has-bg-overlay elementor-widget elementor-widget-wd_marquee\" data-id=\"fc880e4\" data-element_type=\"widget\" data-e-type=\"widget\" data-widget_type=\"wd_marquee.default\">\n\t\t\t\t<div class=\"elementor-widget-container\">\n\t\t\t\t\t\t\t<div class=\"wd-marquee\">\n\t\t\t<div class=\"wd-marquee-content\">\n\t\t\t\t\t\t\t<span class=\"wd-marquee-item\">\n\t\t\t\t\n\t\t\t\t\t\t\t\t\tTherapeutische Dosierung\n\t\t\t\t\n\t\t\t\t\t\t\t<\/span>\n\t\t\t\t\t\t<span class=\"wd-marquee-item\">\n\t\t\t\t\n\t\t\t\t\t\t\t\t\tWissenschaftlich belegt\t\t\t\t\n\t\t\t\t\t\t\t<\/span>\n\t\t\t\t\t\t<span class=\"wd-marquee-item\">\n\t\t\t\t\n\t\t\t\t\t\t\t\t\tVon TCM-\u00c4rzten formuliert\t\t\t\t\n\t\t\t\t\t\t\t<\/span>\n\t\t\t\t\t\t<span class=\"wd-marquee-item\">\n\t\t\t\t\n\t\t\t\t\t\t\t\t\tTherapeutische Dosierung\n\t\t\t\t\n\t\t\t\t\t\t\t<\/span>\n\t\t\t\t\t\t<span class=\"wd-marquee-item\">\n\t\t\t\t\n\t\t\t\t\t\t\t\t\tWissenschaftlich belegt\t\t\t\t\n\t\t\t\t\t\t\t<\/span>\n\t\t\t\t\t\t<span class=\"wd-marquee-item\">\n\t\t\t\t\n\t\t\t\t\t\t\t\t\tVon TCM-\u00c4rzten formuliert\t\t\t\t\n\t\t\t\t\t\t\t<\/span>\n\t\t\t\t\t\t<\/div>\n\t\t\t<div class=\"wd-marquee-content\">\n\t\t\t\t\t\t\t<span class=\"wd-marquee-item\">\n\t\t\t\t\n\t\t\t\t\t\t\t\t\tTherapeutische Dosierung\n\t\t\t\t\n\t\t\t\t\t\t\t<\/span>\n\t\t\t\t\t\t<span class=\"wd-marquee-item\">\n\t\t\t\t\n\t\t\t\t\t\t\t\t\tWissenschaftlich belegt\t\t\t\t\n\t\t\t\t\t\t\t<\/span>\n\t\t\t\t\t\t<span class=\"wd-marquee-item\">\n\t\t\t\t\n\t\t\t\t\t\t\t\t\tVon TCM-\u00c4rzten formuliert\t\t\t\t\n\t\t\t\t\t\t\t<\/span>\n\t\t\t\t\t\t<span class=\"wd-marquee-item\">\n\t\t\t\t\n\t\t\t\t\t\t\t\t\tTherapeutische Dosierung\n\t\t\t\t\n\t\t\t\t\t\t\t<\/span>\n\t\t\t\t\t\t<span class=\"wd-marquee-item\">\n\t\t\t\t\n\t\t\t\t\t\t\t\t\tWissenschaftlich belegt\t\t\t\t\n\t\t\t\t\t\t\t<\/span>\n\t\t\t\t\t\t<span class=\"wd-marquee-item\">\n\t\t\t\t\n\t\t\t\t\t\t\t\t\tVon TCM-\u00c4rzten formuliert\t\t\t\t\n\t\t\t\t\t\t\t<\/span>\n\t\t\t\t\t\t<\/div>\n\t\t<\/div>\n\t\t\t\t\t\t<\/div>\n\t\t\t\t<\/div>\n\t\t\t\t<\/div>\n\t\t<div class=\"elementor-element elementor-element-82fc65a e-con-full e-flex e-con e-child\" data-id=\"82fc65a\" data-element_type=\"container\" data-e-type=\"container\" data-settings=\"{&quot;_ha_eqh_enable&quot;:false}\">\n\t\t<div class=\"elementor-element elementor-element-64b260c e-con-full e-flex e-con e-child\" data-id=\"64b260c\" data-element_type=\"container\" data-e-type=\"container\" data-settings=\"{&quot;_ha_eqh_enable&quot;:false}\">\n\t\t\t\t<div class=\"elementor-element elementor-element-5eb27b0 elementor-arrows-position-inside elementor-widget elementor-widget-image-carousel\" data-id=\"5eb27b0\" data-element_type=\"widget\" data-e-type=\"widget\" data-settings=\"{&quot;slides_to_show&quot;:&quot;1&quot;,&quot;navigation&quot;:&quot;arrows&quot;,&quot;autoplay_speed&quot;:6500,&quot;autoplay&quot;:&quot;yes&quot;,&quot;pause_on_hover&quot;:&quot;yes&quot;,&quot;pause_on_interaction&quot;:&quot;yes&quot;,&quot;infinite&quot;:&quot;yes&quot;,&quot;effect&quot;:&quot;slide&quot;,&quot;speed&quot;:500}\" data-widget_type=\"image-carousel.default\">\n\t\t\t\t\t\t\t<div class=\"elementor-image-carousel-wrapper swiper\" role=\"region\" aria-roledescription=\"carousel\" aria-label=\"Bild Karussell\" dir=\"ltr\">\n\t\t\t<div class=\"elementor-image-carousel swiper-wrapper\" aria-live=\"off\">\n\t\t\t\t\t\t\t\t<div class=\"swiper-slide\" role=\"group\" aria-roledescription=\"slide\" aria-label=\"1 of 1\"><a data-elementor-open-lightbox=\"yes\" data-elementor-lightbox-slideshow=\"5eb27b0\" data-elementor-lightbox-title=\"HOME 2\" data-e-action-hash=\"#elementor-action%3Aaction%3Dlightbox%26settings%3DeyJpZCI6Mjk3ODAsInVybCI6Imh0dHBzOlwvXC9jaGktbmF0dXJhbHMuY29tXC93cC1jb250ZW50XC91cGxvYWRzXC8yMDI2XC8wM1wvSE9NRS0yLXNjYWxlZC5wbmciLCJzbGlkZXNob3ciOiI1ZWIyN2IwIn0%3D\" href=\"https:\/\/chi-naturals.com\/en\/product\/ener-chi\/\"><figure class=\"swiper-slide-inner\"><img decoding=\"async\" class=\"swiper-slide-image\" src=\"https:\/\/chi-naturals.com\/wp-content\/uploads\/2026\/03\/HOME-2-scaled.png\" alt=\"HOME 2\" \/><\/figure><\/a><\/div>\t\t\t<\/div>\n\t\t\t\t\t<\/div>\n\t\t\t\t\t\t<\/div>\n\t\t\t\t<\/div>\n\t\t<div class=\"elementor-element elementor-element-aaf6e79 e-con-full e-flex e-con e-child\" data-id=\"aaf6e79\" data-element_type=\"container\" data-e-type=\"container\" data-settings=\"{&quot;_ha_eqh_enable&quot;:false}\">\n\t\t\t\t<div class=\"elementor-element elementor-element-e0c53ee elementor-widget elementor-widget-heading\" data-id=\"e0c53ee\" data-element_type=\"widget\" data-e-type=\"widget\" data-widget_type=\"heading.default\">\n\t\t\t\t\t<h2 class=\"elementor-heading-title elementor-size-default\">Ener-Chi<\/h2>\t\t\t\t<\/div>\n\t\t\t\t<div class=\"elementor-element elementor-element-3fcce92 elementor-widget elementor-widget-wd_text_block\" data-id=\"3fcce92\" data-element_type=\"widget\" data-e-type=\"widget\" data-widget_type=\"wd_text_block.default\">\n\t\t\t\t<div class=\"elementor-widget-container\">\n\t\t\t\t\t\t\t<div class=\"wd-text-block reset-last-child text-center\">\n\t\t\t\n\t\t\t<p>Wasserl\u00f6sliches Getr\u00e4nkepulver<br \/>(30 Sticks)<\/p>\n\t\t\t\t\t<\/div>\n\t\t\t\t\t\t<\/div>\n\t\t\t\t<\/div>\n\t\t\t\t<div class=\"elementor-element elementor-element-d1c8401 elementor-widget elementor-widget-wd_text_block\" data-id=\"d1c8401\" data-element_type=\"widget\" data-e-type=\"widget\" data-widget_type=\"wd_text_block.default\">\n\t\t\t\t<div class=\"elementor-widget-container\">\n\t\t\t\t\t\t\t<div class=\"wd-text-block reset-last-child text-center\">\n\t\t\t\n\t\t\t<p>Mehr Energie \u2013 ohne Nervosit\u00e4t.<br \/>Unterst\u00fctzt Vitalit\u00e4t, Immunsystem und mentale Klarheit.<br \/>Entwickelt auf Basis traditioneller chinesischer Kr\u00e4uterlehre \u2013 modern formuliert f\u00fcr deinen Alltag.<\/p>\n\t\t\t\t\t<\/div>\n\t\t\t\t\t\t<\/div>\n\t\t\t\t<\/div>\n\t\t\t\t<div class=\"elementor-element elementor-element-d3b97dc elementor-widget elementor-widget-button\" data-id=\"d3b97dc\" data-element_type=\"widget\" data-e-type=\"widget\" data-widget_type=\"button.default\">\n\t\t\t\t\t\t\t\t\t\t<a class=\"elementor-button elementor-button-link elementor-size-sm\" href=\"https:\/\/chi-naturals.com\/en\/product\/ener-chi\/\">\n\t\t\t\t\t\t<span class=\"elementor-button-content-wrapper\">\n\t\t\t\t\t\t\t\t\t<span class=\"elementor-button-text\">\u2192 Zum Produkt<\/span>\n\t\t\t\t\t<\/span>\n\t\t\t\t\t<\/a>\n\t\t\t\t\t\t\t\t<\/div>\n\t\t\t\t<\/div>\n\t\t\t\t<\/div>\n\t\t<div class=\"wd-negative-gap elementor-element elementor-element-69a3a28 wd-section-stretch e-flex e-con-boxed e-con e-parent\" data-id=\"69a3a28\" data-element_type=\"container\" data-e-type=\"container\" data-settings=\"{&quot;background_background&quot;:&quot;classic&quot;,&quot;_ha_eqh_enable&quot;:false}\">\n\t\t\t\t\t<div class=\"e-con-inner\">\n\t\t\t\t<div class=\"elementor-element elementor-element-45ea7f4 wd-width-100 elementor-widget elementor-widget-wd_title\" data-id=\"45ea7f4\" data-element_type=\"widget\" data-e-type=\"widget\" data-widget_type=\"wd_title.default\">\n\t\t\t\t<div class=\"elementor-widget-container\">\n\t\t\t\t\t\t\t<div class=\"title-wrapper wd-set-mb reset-last-child wd-title-color-default wd-title-style-default wd-title-size-extra-large text-center\">\n\n\t\t\t\n\t\t\t<div class=\"liner-continer\">\n\t\t\t\t<h4 class=\"woodmart-title-container title wd-fontsize-xxxl\">Warum wasserl\u00f6sliche Pulver?<\/h4> \n\t\t\t\t\t\t\t<\/div>\n\n\t\t\t\t\t<\/div>\n\t\t\t\t\t\t<\/div>\n\t\t\t\t<\/div>\n\t\t\t\t<div class=\"elementor-element elementor-element-bac74c9 elementor-widget elementor-widget-image\" data-id=\"bac74c9\" data-element_type=\"widget\" data-e-type=\"widget\" data-widget_type=\"image.default\">\n\t\t\t\t\t\t\t\t\t\t\t\t\t\t\t<img loading=\"lazy\" decoding=\"async\" width=\"2560\" height=\"1439\" src=\"https:\/\/chi-naturals.com\/wp-content\/uploads\/2026\/03\/HOME-3-scaled.png\" class=\"attachment-full size-full wp-image-29781\" alt=\"\" srcset=\"https:\/\/chi-naturals.com\/wp-content\/uploads\/2026\/03\/HOME-3-scaled.png 2560w, https:\/\/chi-naturals.com\/wp-content\/uploads\/2026\/03\/HOME-3-400x225.png 400w, https:\/\/chi-naturals.com\/wp-content\/uploads\/2026\/03\/HOME-3-1300x731.png 1300w, https:\/\/chi-naturals.com\/wp-content\/uploads\/2026\/03\/HOME-3-768x432.png 768w, https:\/\/chi-naturals.com\/wp-content\/uploads\/2026\/03\/HOME-3-1536x864.png 1536w, https:\/\/chi-naturals.com\/wp-content\/uploads\/2026\/03\/HOME-3-2048x1151.png 2048w, https:\/\/chi-naturals.com\/wp-content\/uploads\/2026\/03\/HOME-3-18x10.png 18w, https:\/\/chi-naturals.com\/wp-content\/uploads\/2026\/03\/HOME-3-430x242.png 430w, https:\/\/chi-naturals.com\/wp-content\/uploads\/2026\/03\/HOME-3-700x394.png 700w, https:\/\/chi-naturals.com\/wp-content\/uploads\/2026\/03\/HOME-3-150x84.png 150w\" sizes=\"auto, (max-width: 2560px) 100vw, 2560px\" \/>\t\t\t\t\t\t\t\t\t\t\t\t\t\t\t<\/div>\n\t\t\t\t\t<\/div>\n\t\t\t\t<\/div>\n\t\t<div class=\"wd-negative-gap elementor-element elementor-element-30ebc3e e-flex e-con-boxed e-con e-parent\" data-id=\"30ebc3e\" data-element_type=\"container\" data-e-type=\"container\" data-settings=\"{&quot;_ha_eqh_enable&quot;:false}\">\n\t\t\t\t\t<div class=\"e-con-inner\">\n\t\t<div class=\"elementor-element elementor-element-265f7b8 e-con-full e-flex e-con e-child\" data-id=\"265f7b8\" data-element_type=\"container\" data-e-type=\"container\" data-settings=\"{&quot;_ha_eqh_enable&quot;:false}\">\n\t\t\t\t<div class=\"elementor-element elementor-element-8c61878 elementor-widget elementor-widget-image\" data-id=\"8c61878\" data-element_type=\"widget\" data-e-type=\"widget\" data-widget_type=\"image.default\">\n\t\t\t\t\t\t\t\t\t\t\t\t\t\t\t<img loading=\"lazy\" decoding=\"async\" width=\"1024\" height=\"1536\" src=\"https:\/\/chi-naturals.com\/wp-content\/uploads\/2026\/03\/HOME-4.png\" class=\"attachment-full size-full wp-image-29782\" alt=\"\" srcset=\"https:\/\/chi-naturals.com\/wp-content\/uploads\/2026\/03\/HOME-4.png 1024w, https:\/\/chi-naturals.com\/wp-content\/uploads\/2026\/03\/HOME-4-200x300.png 200w, https:\/\/chi-naturals.com\/wp-content\/uploads\/2026\/03\/HOME-4-533x800.png 533w, https:\/\/chi-naturals.com\/wp-content\/uploads\/2026\/03\/HOME-4-768x1152.png 768w, https:\/\/chi-naturals.com\/wp-content\/uploads\/2026\/03\/HOME-4-8x12.png 8w, https:\/\/chi-naturals.com\/wp-content\/uploads\/2026\/03\/HOME-4-430x645.png 430w, https:\/\/chi-naturals.com\/wp-content\/uploads\/2026\/03\/HOME-4-700x1050.png 700w, https:\/\/chi-naturals.com\/wp-content\/uploads\/2026\/03\/HOME-4-150x225.png 150w\" sizes=\"auto, (max-width: 1024px) 100vw, 1024px\" \/>\t\t\t\t\t\t\t\t\t\t\t\t\t\t\t<\/div>\n\t\t\t\t<\/div>\n\t\t<div class=\"elementor-element elementor-element-833b1b2 e-con-full e-flex e-con e-child\" data-id=\"833b1b2\" data-element_type=\"container\" data-e-type=\"container\" data-settings=\"{&quot;_ha_eqh_enable&quot;:false}\">\n\t\t\t\t<div class=\"elementor-element elementor-element-7844981 elementor-widget elementor-widget-heading\" data-id=\"7844981\" data-element_type=\"widget\" data-e-type=\"widget\" data-widget_type=\"heading.default\">\n\t\t\t\t\t<h2 class=\"elementor-heading-title elementor-size-default\">Unsere Philosophie<\/h2>\t\t\t\t<\/div>\n\t\t\t\t<div class=\"elementor-element elementor-element-bd86f2f elementor-widget elementor-widget-wd_text_block\" data-id=\"bd86f2f\" data-element_type=\"widget\" data-e-type=\"widget\" data-widget_type=\"wd_text_block.default\">\n\t\t\t\t<div class=\"elementor-widget-container\">\n\t\t\t\t\t\t\t<div class=\"wd-text-block reset-last-child text-center\">\n\t\t\t\n\t\t\t<p>Unsere Produkte sind inspiriert von der Traditionellen Chinesischen Medizin (TCM) \u2013 einem medizinischen System mit jahrtausendealter Erfahrung.<\/p><p>Unsere Rezepturen werden von lizenzierten TCM-\u00c4rzten entwickelt und verbinden Prinzipien der TCM mit moderner Forschung. Wir verwenden hochwertige, sorgf\u00e4ltig gepr\u00fcfte und hochdosierte Pflanzenstoffe aus der chinesischen und westlichen Heilpflanzenkunde \u2013 erg\u00e4nzt durch gezielt ausgew\u00e4hlte Vitamine und Mineralstoffe.<\/p><p>Unser Ziel ist es, die nat\u00fcrliche Energie des K\u00f6rpers zu unterst\u00fctzen, Vitalit\u00e4t nachhaltig aufzubauen und Gesundheit langfristig zu f\u00f6rdern.<\/p>\n\t\t\t\t\t<\/div>\n\t\t\t\t\t\t<\/div>\n\t\t\t\t<\/div>\n\t\t\t\t<div class=\"elementor-element elementor-element-7031a05 elementor-align-center elementor-widget elementor-widget-button\" data-id=\"7031a05\" data-element_type=\"widget\" data-e-type=\"widget\" data-widget_type=\"button.default\">\n\t\t\t\t\t\t\t\t\t\t<a class=\"elementor-button elementor-button-link elementor-size-sm\" href=\"https:\/\/chi-naturals.com\/en\/ueber-uns\/\">\n\t\t\t\t\t\t<span class=\"elementor-button-content-wrapper\">\n\t\t\t\t\t\t\t\t\t<span class=\"elementor-button-text\">Mehr erfahren<\/span>\n\t\t\t\t\t<\/span>\n\t\t\t\t\t<\/a>\n\t\t\t\t\t\t\t\t<\/div>\n\t\t\t\t<\/div>\n\t\t\t\t\t<\/div>\n\t\t\t\t<\/div>\n\t\t<div class=\"wd-negative-gap elementor-element elementor-element-c296647 e-flex e-con-boxed e-con e-parent\" data-id=\"c296647\" data-element_type=\"container\" data-e-type=\"container\" data-settings=\"{&quot;_ha_eqh_enable&quot;:false}\">\n\t\t\t\t\t<div class=\"e-con-inner\">\n\t\t<div class=\"elementor-element elementor-element-0350492 e-con-full e-flex e-con e-child\" data-id=\"0350492\" data-element_type=\"container\" data-e-type=\"container\" data-settings=\"{&quot;_ha_eqh_enable&quot;:false}\">\n\t\t\t\t<div class=\"elementor-element elementor-element-f3abc4a elementor-widget elementor-widget-image\" data-id=\"f3abc4a\" data-element_type=\"widget\" data-e-type=\"widget\" data-widget_type=\"image.default\">\n\t\t\t\t\t\t\t\t\t\t\t\t\t\t\t<img loading=\"lazy\" decoding=\"async\" width=\"1864\" height=\"1140\" src=\"https:\/\/chi-naturals.com\/wp-content\/uploads\/2026\/03\/HOME-5.png\" class=\"attachment-full size-full wp-image-29783\" alt=\"\" srcset=\"https:\/\/chi-naturals.com\/wp-content\/uploads\/2026\/03\/HOME-5.png 1864w, https:\/\/chi-naturals.com\/wp-content\/uploads\/2026\/03\/HOME-5-400x245.png 400w, https:\/\/chi-naturals.com\/wp-content\/uploads\/2026\/03\/HOME-5-1300x795.png 1300w, https:\/\/chi-naturals.com\/wp-content\/uploads\/2026\/03\/HOME-5-768x470.png 768w, https:\/\/chi-naturals.com\/wp-content\/uploads\/2026\/03\/HOME-5-1536x939.png 1536w, https:\/\/chi-naturals.com\/wp-content\/uploads\/2026\/03\/HOME-5-18x12.png 18w, https:\/\/chi-naturals.com\/wp-content\/uploads\/2026\/03\/HOME-5-430x263.png 430w, https:\/\/chi-naturals.com\/wp-content\/uploads\/2026\/03\/HOME-5-700x428.png 700w, https:\/\/chi-naturals.com\/wp-content\/uploads\/2026\/03\/HOME-5-150x92.png 150w\" sizes=\"auto, (max-width: 1864px) 100vw, 1864px\" \/>\t\t\t\t\t\t\t\t\t\t\t\t\t\t\t<\/div>\n\t\t\t\t<\/div>\n\t\t<div class=\"elementor-element elementor-element-0835921 e-con-full e-flex e-con e-child\" data-id=\"0835921\" data-element_type=\"container\" data-e-type=\"container\" data-settings=\"{&quot;_ha_eqh_enable&quot;:false}\">\n\t\t\t\t<div class=\"elementor-element elementor-element-a5aa14d elementor-widget elementor-widget-heading\" data-id=\"a5aa14d\" data-element_type=\"widget\" data-e-type=\"widget\" data-widget_type=\"heading.default\">\n\t\t\t\t\t<h2 class=\"elementor-heading-title elementor-size-default\">Warum ohne Qi keine Heilung m\u00f6glich ist<\/h2>\t\t\t\t<\/div>\n\t\t\t\t<div class=\"elementor-element elementor-element-5515fe2 elementor-widget elementor-widget-wd_text_block\" data-id=\"5515fe2\" data-element_type=\"widget\" data-e-type=\"widget\" data-widget_type=\"wd_text_block.default\">\n\t\t\t\t<div class=\"elementor-widget-container\">\n\t\t\t\t\t\t\t<div class=\"wd-text-block reset-last-child text-center\">\n\t\t\t\n\t\t\t<p>Wir behandeln Symptome. Optimieren Blutwerte. Erg\u00e4nzen M\u00e4ngel. Und wundern uns, warum sich nichts grundlegend ver\u00e4ndert.<br \/><br \/>Die entscheidende Frage lautet: Hat der K\u00f6rper \u00fcberhaupt genug Energie, um zu heilen?<br \/><br \/>In der TCM nennt man diese Energie Qi. Ohne Qi keine Regulation. Keine Regeneration. Keine echte Stabilit\u00e4t. Warum viele Therapien scheitern, wenn das Fundament fehlt \u2013 und wo Heilung wirklich beginnt \u2013 liest du im Journal.<\/p>\n\t\t\t\t\t<\/div>\n\t\t\t\t\t\t<\/div>\n\t\t\t\t<\/div>\n\t\t\t\t<div class=\"elementor-element elementor-element-bd63559 elementor-align-center elementor-widget elementor-widget-button\" data-id=\"bd63559\" data-element_type=\"widget\" data-e-type=\"widget\" data-widget_type=\"button.default\">\n\t\t\t\t\t\t\t\t\t\t<a class=\"elementor-button elementor-button-link elementor-size-sm\" href=\"https:\/\/chi-naturals.com\/en\/ueber-uns\/\">\n\t\t\t\t\t\t<span class=\"elementor-button-content-wrapper\">\n\t\t\t\t\t\t\t\t\t<span class=\"elementor-button-text\">Mehr erfahren<\/span>\n\t\t\t\t\t<\/span>\n\t\t\t\t\t<\/a>\n\t\t\t\t\t\t\t\t<\/div>\n\t\t\t\t<\/div>\n\t\t\t\t\t<\/div>\n\t\t\t\t<\/div>\n\t\t<div class=\"wd-negative-gap elementor-element elementor-element-a9d5ed5 e-flex e-con-boxed e-con e-parent\" data-id=\"a9d5ed5\" data-element_type=\"container\" data-e-type=\"container\" data-settings=\"{&quot;_ha_eqh_enable&quot;:false}\">\n\t\t\t\t\t<div class=\"e-con-inner\">\n\t\t<div class=\"elementor-element elementor-element-3bfdb81 e-con-full e-flex e-con e-child\" data-id=\"3bfdb81\" data-element_type=\"container\" data-e-type=\"container\" data-settings=\"{&quot;_ha_eqh_enable&quot;:false}\">\n\t\t\t\t<div class=\"elementor-element elementor-element-94b9f7e elementor-widget elementor-widget-image\" data-id=\"94b9f7e\" data-element_type=\"widget\" data-e-type=\"widget\" data-widget_type=\"image.default\">\n\t\t\t\t\t\t\t\t\t\t\t\t\t\t\t<img loading=\"lazy\" decoding=\"async\" width=\"2025\" height=\"2531\" src=\"https:\/\/chi-naturals.com\/wp-content\/uploads\/2026\/02\/1.png\" class=\"attachment-full size-full wp-image-29753\" alt=\"\" srcset=\"https:\/\/chi-naturals.com\/wp-content\/uploads\/2026\/02\/1.png 2025w, https:\/\/chi-naturals.com\/wp-content\/uploads\/2026\/02\/1-240x300.png 240w, https:\/\/chi-naturals.com\/wp-content\/uploads\/2026\/02\/1-640x800.png 640w, https:\/\/chi-naturals.com\/wp-content\/uploads\/2026\/02\/1-768x960.png 768w, https:\/\/chi-naturals.com\/wp-content\/uploads\/2026\/02\/1-1229x1536.png 1229w, https:\/\/chi-naturals.com\/wp-content\/uploads\/2026\/02\/1-1639x2048.png 1639w, https:\/\/chi-naturals.com\/wp-content\/uploads\/2026\/02\/1-10x12.png 10w, https:\/\/chi-naturals.com\/wp-content\/uploads\/2026\/02\/1-430x537.png 430w, https:\/\/chi-naturals.com\/wp-content\/uploads\/2026\/02\/1-700x875.png 700w, https:\/\/chi-naturals.com\/wp-content\/uploads\/2026\/02\/1-150x187.png 150w\" sizes=\"auto, (max-width: 2025px) 100vw, 2025px\" \/>\t\t\t\t\t\t\t\t\t\t\t\t\t\t\t<\/div>\n\t\t\t\t<\/div>\n\t\t<div class=\"elementor-element elementor-element-d0f944e e-con-full e-flex e-con e-child\" data-id=\"d0f944e\" data-element_type=\"container\" data-e-type=\"container\" data-settings=\"{&quot;_ha_eqh_enable&quot;:false}\">\n\t\t\t\t<div class=\"elementor-element elementor-element-abc30d5 elementor-widget elementor-widget-heading\" data-id=\"abc30d5\" data-element_type=\"widget\" data-e-type=\"widget\" data-widget_type=\"heading.default\">\n\t\t\t\t\t<h2 class=\"elementor-heading-title elementor-size-default\">Verstehe dich selbst<\/h2>\t\t\t\t<\/div>\n\t\t\t\t<div class=\"elementor-element elementor-element-fffc104 elementor-widget elementor-widget-wd_text_block\" data-id=\"fffc104\" data-element_type=\"widget\" data-e-type=\"widget\" data-widget_type=\"wd_text_block.default\">\n\t\t\t\t<div class=\"elementor-widget-container\">\n\t\t\t\t\t\t\t<div class=\"wd-text-block reset-last-child text-center\">\n\t\t\t\n\t\t\t<p>Warum reagieren manche Menschen sensibel auf Stress, andere auf K\u00e4lte oder bestimmte Lebensmittel?<\/p><p>Die TCM beschreibt neun unterschiedliche Konstitutionstypen \u2013 mit individuellen Mustern und Neigungen.<\/p><p>Wenn du deine Konstitution kennst, erkennst du fr\u00fchzeitig deine Schwachstellen und kannst gezielt gegensteuern, bevor Beschwerden entstehen.<\/p><p>Finde mit unserem TCM-Test heraus, welcher Typ du bist.<\/p>\n\t\t\t\t\t<\/div>\n\t\t\t\t\t\t<\/div>\n\t\t\t\t<\/div>\n\t\t\t\t<div class=\"elementor-element elementor-element-6f8c47c elementor-align-center elementor-widget elementor-widget-button\" data-id=\"6f8c47c\" data-element_type=\"widget\" data-e-type=\"widget\" data-widget_type=\"button.default\">\n\t\t\t\t\t\t\t\t\t\t<a class=\"elementor-button elementor-button-link elementor-size-sm\" href=\"https:\/\/chi-naturals.com\/en\/tcm-konstitutions-test\/\">\n\t\t\t\t\t\t<span class=\"elementor-button-content-wrapper\">\n\t\t\t\t\t\t\t\t\t<span class=\"elementor-button-text\">Zum Test<\/span>\n\t\t\t\t\t<\/span>\n\t\t\t\t\t<\/a>\n\t\t\t\t\t\t\t\t<\/div>\n\t\t\t\t<\/div>\n\t\t\t\t\t<\/div>\n\t\t\t\t<\/div>\n\t\t\t\t<\/div>","protected":false},"excerpt":{"rendered":"<p>Therapeutische Dosierung Wissenschaftlich belegt Von TCM-\u00c4rzten formuliert Therapeutische Dosierung Wissenschaftlich belegt Von TCM-\u00c4rzten formuliert Therapeutische Dosierung Wissenschaftlich belegt Von TCM-\u00c4rzten<\/p>","protected":false},"author":1,"featured_media":0,"parent":0,"menu_order":0,"comment_status":"closed","ping_status":"closed","template":"","meta":{"footnotes":""},"class_list":["post-1038","page","type-page","status-publish","hentry"],"_hostinger_reach_plugin_has_subscription_block":false,"_hostinger_reach_plugin_is_elementor":false,"_links":{"self":[{"href":"https:\/\/chi-naturals.com\/en\/wp-json\/wp\/v2\/pages\/1038","targetHints":{"allow":["GET"]}}],"collection":[{"href":"https:\/\/chi-naturals.com\/en\/wp-json\/wp\/v2\/pages"}],"about":[{"href":"https:\/\/chi-naturals.com\/en\/wp-json\/wp\/v2\/types\/page"}],"author":[{"embeddable":true,"href":"https:\/\/chi-naturals.com\/en\/wp-json\/wp\/v2\/users\/1"}],"replies":[{"embeddable":true,"href":"https:\/\/chi-naturals.com\/en\/wp-json\/wp\/v2\/comments?post=1038"}],"version-history":[{"count":121,"href":"https:\/\/chi-naturals.com\/en\/wp-json\/wp\/v2\/pages\/1038\/revisions"}],"predecessor-version":[{"id":29958,"href":"https:\/\/chi-naturals.com\/en\/wp-json\/wp\/v2\/pages\/1038\/revisions\/29958"}],"wp:attachment":[{"href":"https:\/\/chi-naturals.com\/en\/wp-json\/wp\/v2\/media?parent=1038"}],"curies":[{"name":"wp","href":"https:\/\/api.w.org\/{rel}","templated":true}]}}