{"id":29263,"date":"2026-01-12T09:57:30","date_gmt":"2026-01-12T09:57:30","guid":{"rendered":"https:\/\/chi-naturals.com\/?page_id=29263"},"modified":"2026-01-17T07:05:00","modified_gmt":"2026-01-17T07:05:00","slug":"rueckgabe","status":"publish","type":"page","link":"https:\/\/chi-naturals.com\/en\/rueckgabe\/","title":{"rendered":"R\u00fcckgabe"},"content":{"rendered":"<div data-elementor-type=\"wp-page\" data-elementor-id=\"29263\" class=\"elementor elementor-29263\" data-elementor-settings=\"{&quot;ha_cmc_init_switcher&quot;:&quot;no&quot;}\" data-elementor-post-type=\"page\">\n\t\t\t\t<div class=\"elementor-element elementor-element-f39fc51 e-flex e-con-boxed e-con e-parent\" data-id=\"f39fc51\" data-element_type=\"container\" data-e-type=\"container\" data-settings=\"{&quot;_ha_eqh_enable&quot;:false}\">\n\t\t\t\t\t<div class=\"e-con-inner\">\n\t\t<div class=\"elementor-element elementor-element-8600809 e-con-full e-flex e-con e-child\" data-id=\"8600809\" data-element_type=\"container\" data-e-type=\"container\" data-settings=\"{&quot;_ha_eqh_enable&quot;:false}\">\n\t\t\t\t<div class=\"elementor-element elementor-element-20eb948 color-scheme-inherit text-left elementor-widget elementor-widget-text-editor\" data-id=\"20eb948\" data-element_type=\"widget\" data-e-type=\"widget\" data-widget_type=\"text-editor.default\">\n\t\t\t\t\t\t\t\t\tDu m\u00f6chtest einen Artikel zur\u00fcckgeben oder hast ein Problem mit deiner Lieferung? Kein Problem \u2013 wir helfen dir gerne weiter.\n\t\t\t\t\t\t\t\t<\/div>\n\t\t\t\t<\/div>\n\t\t<div class=\"elementor-element elementor-element-8d49b69 e-con-full e-flex e-con e-child\" data-id=\"8d49b69\" data-element_type=\"container\" data-e-type=\"container\" data-settings=\"{&quot;_ha_eqh_enable&quot;:false}\">\n\t\t\t\t<div class=\"elementor-element elementor-element-89cbde4 elementor-widget elementor-widget-heading\" data-id=\"89cbde4\" data-element_type=\"widget\" data-e-type=\"widget\" data-widget_type=\"heading.default\">\n\t\t\t\t\t<h2 class=\"elementor-heading-title elementor-size-default\">R\u00fccksendung anmelden<\/h2>\t\t\t\t<\/div>\n\t\t\t\t<div class=\"elementor-element elementor-element-1bfdbdf color-scheme-inherit text-left elementor-widget elementor-widget-text-editor\" data-id=\"1bfdbdf\" data-element_type=\"widget\" data-e-type=\"widget\" data-widget_type=\"text-editor.default\">\n\t\t\t\t\t\t\t\t\t<p>Bitte sende uns eine E-Mail an christin@chi-naturals.com mit deiner Bestellnummer und dem Grund der R\u00fccksendung.<br \/>Wir senden dir anschlie\u00dfend ein R\u00fccksendeticket zu.<\/p>\t\t\t\t\t\t\t\t<\/div>\n\t\t\t\t<div class=\"elementor-element elementor-element-d508c25 color-scheme-inherit text-left elementor-widget elementor-widget-text-editor\" data-id=\"d508c25\" data-element_type=\"widget\" data-e-type=\"widget\" data-widget_type=\"text-editor.default\">\n\t\t\t\t\t\t\t\t\t<p>Die Kosten der R\u00fccksendung werden bei der Erstattung vom Kaufbetrag abgezogen.<\/p>\t\t\t\t\t\t\t\t<\/div>\n\t\t\t\t<\/div>\n\t\t<div class=\"elementor-element elementor-element-c232303 e-con-full e-flex e-con e-child\" data-id=\"c232303\" data-element_type=\"container\" data-e-type=\"container\" data-settings=\"{&quot;_ha_eqh_enable&quot;:false}\">\n\t\t\t\t<div class=\"elementor-element elementor-element-1952cf1 elementor-widget elementor-widget-heading\" data-id=\"1952cf1\" data-element_type=\"widget\" data-e-type=\"widget\" data-widget_type=\"heading.default\">\n\t\t\t\t\t<h2 class=\"elementor-heading-title elementor-size-default\">R\u00fccksendekosten bei Nutzung unseres Labels<\/h2>\t\t\t\t<\/div>\n\t\t\t\t<div class=\"elementor-element elementor-element-b488fd7 color-scheme-inherit text-left elementor-widget elementor-widget-text-editor\" data-id=\"b488fd7\" data-element_type=\"widget\" data-e-type=\"widget\" data-widget_type=\"text-editor.default\">\n\t\t\t\t\t\t\t\t\t<p>Deutschland: 5,99 \u20ac<br \/>Europ\u00e4ische L\u00e4nder: 14,99 \u20ac<\/p>\t\t\t\t\t\t\t\t<\/div>\n\t\t\t\t<\/div>\n\t\t<div class=\"elementor-element elementor-element-7ec2e54 e-con-full e-flex e-con e-child\" data-id=\"7ec2e54\" data-element_type=\"container\" data-e-type=\"container\" data-settings=\"{&quot;_ha_eqh_enable&quot;:false}\">\n\t\t\t\t<div class=\"elementor-element elementor-element-ce09cae elementor-widget elementor-widget-heading\" data-id=\"ce09cae\" data-element_type=\"widget\" data-e-type=\"widget\" data-widget_type=\"heading.default\">\n\t\t\t\t\t<h2 class=\"elementor-heading-title elementor-size-default\">Hinweise zu Reklamationen<\/h2>\t\t\t\t<\/div>\n\t\t\t\t<\/div>\n\t\t<div class=\"elementor-element elementor-element-74e6310 e-con-full e-flex e-con e-child\" data-id=\"74e6310\" data-element_type=\"container\" data-e-type=\"container\" data-settings=\"{&quot;_ha_eqh_enable&quot;:false}\">\n\t\t\t\t<div class=\"elementor-element elementor-element-ec2f6fb elementor-widget elementor-widget-heading\" data-id=\"ec2f6fb\" data-element_type=\"widget\" data-e-type=\"widget\" data-widget_type=\"heading.default\">\n\t\t\t\t\t<h2 class=\"elementor-heading-title elementor-size-default\">Verz\u00f6gerte Lieferung<\/h2>\t\t\t\t<\/div>\n\t\t\t\t<div class=\"elementor-element elementor-element-fcdc90b color-scheme-inherit text-left elementor-widget elementor-widget-text-editor\" data-id=\"fcdc90b\" data-element_type=\"widget\" data-e-type=\"widget\" data-widget_type=\"text-editor.default\">\n\t\t\t\t\t\t\t\t\t<p>Wenn sich deine Sendung versp\u00e4tet und die Sendungsverfolgung \u00fcber mehrere Tage keine Bewegung zeigt, kontaktiere uns bitte per E-Mail.<br \/>Nach Eingang deiner Anfrage betr\u00e4gt die Bearbeitungszeit einer Nachforschung in der Regel 6-10 Werktage.<\/p>\t\t\t\t\t\t\t\t<\/div>\n\t\t\t\t<\/div>\n\t\t<div class=\"elementor-element elementor-element-a6179a3 e-con-full e-flex e-con e-child\" data-id=\"a6179a3\" data-element_type=\"container\" data-e-type=\"container\" data-settings=\"{&quot;_ha_eqh_enable&quot;:false}\">\n\t\t\t\t<div class=\"elementor-element elementor-element-90fef0e elementor-widget elementor-widget-heading\" data-id=\"90fef0e\" data-element_type=\"widget\" data-e-type=\"widget\" data-widget_type=\"heading.default\">\n\t\t\t\t\t<h2 class=\"elementor-heading-title elementor-size-default\">Besch\u00e4digte oder unvollst\u00e4ndige Lieferung<\/h2>\t\t\t\t<\/div>\n\t\t\t\t<div class=\"elementor-element elementor-element-61c940a color-scheme-inherit text-left elementor-widget elementor-widget-text-editor\" data-id=\"61c940a\" data-element_type=\"widget\" data-e-type=\"widget\" data-widget_type=\"text-editor.default\">\n\t\t\t\t\t\t\t\t\t<p>Sollte dein Paket besch\u00e4digt angekommen sein oder ein Artikel fehlen, ben\u00f6tigen wir zur Pr\u00fcfung eine kurze Fotodokumentation. Bitte sende uns folgende Bilder:<\/p>\t\t\t\t\t\t\t\t<\/div>\n\t\t\t\t<div class=\"elementor-element elementor-element-c6a3b6b elementor-icon-list--layout-traditional elementor-list-item-link-full_width elementor-widget elementor-widget-icon-list\" data-id=\"c6a3b6b\" data-element_type=\"widget\" data-e-type=\"widget\" data-widget_type=\"icon-list.default\">\n\t\t\t\t\t\t\t<ul class=\"elementor-icon-list-items\">\n\t\t\t\t\t\t\t<li class=\"elementor-icon-list-item\">\n\t\t\t\t\t\t\t\t\t\t\t<span class=\"elementor-icon-list-icon\">\n\t\t\t\t\t\t\t<svg aria-hidden=\"true\" class=\"e-font-icon-svg e-fas-circle\" viewbox=\"0 0 512 512\" xmlns=\"http:\/\/www.w3.org\/2000\/svg\"><path d=\"M256 8C119 8 8 119 8 256s111 248 248 248 248-111 248-248S393 8 256 8z\"><\/path><\/svg>\t\t\t\t\t\t<\/span>\n\t\t\t\t\t\t\t\t\t\t<span class=\"elementor-icon-list-text\">den \u00e4u\u00dferen Versandkarton<\/span>\n\t\t\t\t\t\t\t\t\t<\/li>\n\t\t\t\t\t\t\t\t<li class=\"elementor-icon-list-item\">\n\t\t\t\t\t\t\t\t\t\t\t<span class=\"elementor-icon-list-icon\">\n\t\t\t\t\t\t\t<svg aria-hidden=\"true\" class=\"e-font-icon-svg e-fas-circle\" viewbox=\"0 0 512 512\" xmlns=\"http:\/\/www.w3.org\/2000\/svg\"><path d=\"M256 8C119 8 8 119 8 256s111 248 248 248 248-111 248-248S393 8 256 8z\"><\/path><\/svg>\t\t\t\t\t\t<\/span>\n\t\t\t\t\t\t\t\t\t\t<span class=\"elementor-icon-list-text\">das Versandetikett<\/span>\n\t\t\t\t\t\t\t\t\t<\/li>\n\t\t\t\t\t\t\t\t<li class=\"elementor-icon-list-item\">\n\t\t\t\t\t\t\t\t\t\t\t<span class=\"elementor-icon-list-icon\">\n\t\t\t\t\t\t\t<svg aria-hidden=\"true\" class=\"e-font-icon-svg e-fas-circle\" viewbox=\"0 0 512 512\" xmlns=\"http:\/\/www.w3.org\/2000\/svg\"><path d=\"M256 8C119 8 8 119 8 256s111 248 248 248 248-111 248-248S393 8 256 8z\"><\/path><\/svg>\t\t\t\t\t\t<\/span>\n\t\t\t\t\t\t\t\t\t\t<span class=\"elementor-icon-list-text\">die besch\u00e4digten oder fehlenden Produkte<\/span>\n\t\t\t\t\t\t\t\t\t<\/li>\n\t\t\t\t\t\t<\/ul>\n\t\t\t\t\t\t<\/div>\n\t\t\t\t<div class=\"elementor-element elementor-element-72ee1a9 color-scheme-inherit text-left elementor-widget elementor-widget-text-editor\" data-id=\"72ee1a9\" data-element_type=\"widget\" data-e-type=\"widget\" data-widget_type=\"text-editor.default\">\n\t\t\t\t\t\t\t\t\t<p>Diese Informationen helfen uns, den Fall schnell zu pr\u00fcfen und die Reklamation zu bearbeiten.<\/p>\t\t\t\t\t\t\t\t<\/div>\n\t\t\t\t<\/div>\n\t\t\t\t\t<\/div>\n\t\t\t\t<\/div>\n\t\t\t\t<\/div>","protected":false},"excerpt":{"rendered":"<p>Du m\u00f6chtest einen Artikel zur\u00fcckgeben oder hast ein Problem mit deiner Lieferung? Kein Problem \u2013 wir helfen dir gerne weiter.<\/p>","protected":false},"author":1,"featured_media":0,"parent":0,"menu_order":0,"comment_status":"closed","ping_status":"closed","template":"","meta":{"footnotes":""},"class_list":["post-29263","page","type-page","status-publish","hentry"],"_hostinger_reach_plugin_has_subscription_block":false,"_hostinger_reach_plugin_is_elementor":false,"_links":{"self":[{"href":"https:\/\/chi-naturals.com\/en\/wp-json\/wp\/v2\/pages\/29263","targetHints":{"allow":["GET"]}}],"collection":[{"href":"https:\/\/chi-naturals.com\/en\/wp-json\/wp\/v2\/pages"}],"about":[{"href":"https:\/\/chi-naturals.com\/en\/wp-json\/wp\/v2\/types\/page"}],"author":[{"embeddable":true,"href":"https:\/\/chi-naturals.com\/en\/wp-json\/wp\/v2\/users\/1"}],"replies":[{"embeddable":true,"href":"https:\/\/chi-naturals.com\/en\/wp-json\/wp\/v2\/comments?post=29263"}],"version-history":[{"count":19,"href":"https:\/\/chi-naturals.com\/en\/wp-json\/wp\/v2\/pages\/29263\/revisions"}],"predecessor-version":[{"id":29645,"href":"https:\/\/chi-naturals.com\/en\/wp-json\/wp\/v2\/pages\/29263\/revisions\/29645"}],"wp:attachment":[{"href":"https:\/\/chi-naturals.com\/en\/wp-json\/wp\/v2\/media?parent=29263"}],"curies":[{"name":"wp","href":"https:\/\/api.w.org\/{rel}","templated":true}]}}