{"id":29357,"date":"2026-01-13T08:38:18","date_gmt":"2026-01-13T08:38:18","guid":{"rendered":"https:\/\/chi-naturals.com\/?page_id=29357"},"modified":"2026-01-13T09:43:29","modified_gmt":"2026-01-13T09:43:29","slug":"impressum","status":"publish","type":"page","link":"https:\/\/chi-naturals.com\/en\/impressum\/","title":{"rendered":"Impressum"},"content":{"rendered":"<div data-elementor-type=\"wp-page\" data-elementor-id=\"29357\" class=\"elementor elementor-29357\" data-elementor-settings=\"{&quot;ha_cmc_init_switcher&quot;:&quot;no&quot;}\" data-elementor-post-type=\"page\">\n\t\t\t\t<div class=\"elementor-element elementor-element-36cea38 e-flex e-con-boxed e-con e-parent\" data-id=\"36cea38\" data-element_type=\"container\" data-e-type=\"container\" data-settings=\"{&quot;_ha_eqh_enable&quot;:false}\">\n\t\t\t\t\t<div class=\"e-con-inner\">\n\t\t<div class=\"elementor-element elementor-element-ae85697 e-con-full e-flex e-con e-child\" data-id=\"ae85697\" data-element_type=\"container\" data-e-type=\"container\" data-settings=\"{&quot;_ha_eqh_enable&quot;:false}\">\n\t\t\t\t<div class=\"elementor-element elementor-element-5706c91 elementor-widget elementor-widget-heading\" data-id=\"5706c91\" data-element_type=\"widget\" data-e-type=\"widget\" data-widget_type=\"heading.default\">\n\t\t\t\t\t<h2 class=\"elementor-heading-title elementor-size-default\">Vertretungsberechtigte Person<\/h2>\t\t\t\t<\/div>\n\t\t\t\t<div class=\"elementor-element elementor-element-b15a889 color-scheme-inherit text-left elementor-widget elementor-widget-text-editor\" data-id=\"b15a889\" data-element_type=\"widget\" data-e-type=\"widget\" data-widget_type=\"text-editor.default\">\n\t\t\t\t\t\t\t\t\tDr. Christine Masseli, Peter Masseli\t\t\t\t\t\t\t\t<\/div>\n\t\t\t\t<\/div>\n\t\t<div class=\"elementor-element elementor-element-6ae6d63 e-con-full e-flex e-con e-child\" data-id=\"6ae6d63\" data-element_type=\"container\" data-e-type=\"container\" data-settings=\"{&quot;_ha_eqh_enable&quot;:false}\">\n\t\t\t\t<div class=\"elementor-element elementor-element-c274d76 elementor-widget elementor-widget-heading\" data-id=\"c274d76\" data-element_type=\"widget\" data-e-type=\"widget\" data-widget_type=\"heading.default\">\n\t\t\t\t\t<h2 class=\"elementor-heading-title elementor-size-default\">Kontakt<\/h2>\t\t\t\t<\/div>\n\t\t\t\t<div class=\"elementor-element elementor-element-6d8f918 color-scheme-inherit text-left elementor-widget elementor-widget-text-editor\" data-id=\"6d8f918\" data-element_type=\"widget\" data-e-type=\"widget\" data-widget_type=\"text-editor.default\">\n\t\t\t\t\t\t\t\t\t<p>E-Mail: christin@chi-naturals.de<\/p>\t\t\t\t\t\t\t\t<\/div>\n\t\t\t\t<\/div>\n\t\t<div class=\"elementor-element elementor-element-a415719 e-con-full e-flex e-con e-child\" data-id=\"a415719\" data-element_type=\"container\" data-e-type=\"container\" data-settings=\"{&quot;_ha_eqh_enable&quot;:false}\">\n\t\t\t\t<div class=\"elementor-element elementor-element-800d404 elementor-widget elementor-widget-heading\" data-id=\"800d404\" data-element_type=\"widget\" data-e-type=\"widget\" data-widget_type=\"heading.default\">\n\t\t\t\t\t<h2 class=\"elementor-heading-title elementor-size-default\">Angaben zum Unternehmen<\/h2>\t\t\t\t<\/div>\n\t\t\t\t<div class=\"elementor-element elementor-element-c1328c0 color-scheme-inherit text-left elementor-widget elementor-widget-text-editor\" data-id=\"c1328c0\" data-element_type=\"widget\" data-e-type=\"widget\" data-widget_type=\"text-editor.default\">\n\t\t\t\t\t\t\t\t\t<ul><li>Umsatzsteuer Identifikationsnummer (USt-ID): 014 230 30474<\/li><li>AGB: <a href=\"https:\/\/chi-naturals.com\/en\/pages\/agb\/\" target=\"_blank\" rel=\"noopener\">www.chi-naturals.com\/pages\/agb<\/a><\/li><li>LUCID-Registrierungsnummer (Verpackungsregister Deutschland): DE1311525174227<\/li><\/ul>\t\t\t\t\t\t\t\t<\/div>\n\t\t\t\t<div class=\"elementor-element elementor-element-d183d89 color-scheme-inherit text-left elementor-widget elementor-widget-text-editor\" data-id=\"d183d89\" data-element_type=\"widget\" data-e-type=\"widget\" data-widget_type=\"text-editor.default\">\n\t\t\t\t\t\t\t\t\t<p>Die Europ\u00e4ische Kommission betreibt eine Plattform zur Online-Streitbeilegung (OS), die unter <a href=\"https:\/\/ec.europa.eu\/consumers\/odr\/\" target=\"_blank\" rel=\"noopener\">https:\/\/ec.europa.eu\/consumers\/odr\/<\/a> erreichbar ist. Verbraucher k\u00f6nnen diese Plattform zur au\u00dfergerichtlichen Kl\u00e4rung von Streitigkeiten nutzen. Wir sind nicht verpflichtet, an einem Streitbeilegungsverfahren vor einer Verbraucherschlichtungsstelle teilzunehmen.<\/p>\t\t\t\t\t\t\t\t<\/div>\n\t\t\t\t<\/div>\n\t\t<div class=\"elementor-element elementor-element-3d3eea6 e-con-full e-flex e-con e-child\" data-id=\"3d3eea6\" data-element_type=\"container\" data-e-type=\"container\" data-settings=\"{&quot;_ha_eqh_enable&quot;:false}\">\n\t\t\t\t<div class=\"elementor-element elementor-element-9a18801 elementor-widget elementor-widget-heading\" data-id=\"9a18801\" data-element_type=\"widget\" data-e-type=\"widget\" data-widget_type=\"heading.default\">\n\t\t\t\t\t<h2 class=\"elementor-heading-title elementor-size-default\">Social Media und weitere Onlineauftritte<\/h2>\t\t\t\t<\/div>\n\t\t\t\t<div class=\"elementor-element elementor-element-e3a04e8 color-scheme-inherit text-left elementor-widget elementor-widget-text-editor\" data-id=\"e3a04e8\" data-element_type=\"widget\" data-e-type=\"widget\" data-widget_type=\"text-editor.default\">\n\t\t\t\t\t\t\t\t\t<div>Dieses Impressum gilt ebenso f\u00fcr unsere folgenden Social-Media-Profile und Onlinepr\u00e4senzen:<\/div><div>Instagram: <a href=\"https:\/\/www.instagram.com\/chi.naturals\" target=\"_blank\" rel=\"noopener\">https:\/\/www.instagram.com\/chi.naturals<\/a><\/div>\t\t\t\t\t\t\t\t<\/div>\n\t\t\t\t<\/div>\n\t\t<div class=\"elementor-element elementor-element-191ba8a e-con-full e-flex e-con e-child\" data-id=\"191ba8a\" data-element_type=\"container\" data-e-type=\"container\" data-settings=\"{&quot;_ha_eqh_enable&quot;:false}\">\n\t\t\t\t<div class=\"elementor-element elementor-element-6dd997c elementor-widget elementor-widget-heading\" data-id=\"6dd997c\" data-element_type=\"widget\" data-e-type=\"widget\" data-widget_type=\"heading.default\">\n\t\t\t\t\t<h2 class=\"elementor-heading-title elementor-size-default\">Rechtliche Hinweise zur Webseite<\/h2>\t\t\t\t<\/div>\n\t\t\t\t<div class=\"elementor-element elementor-element-a8ad6bb color-scheme-inherit text-left elementor-widget elementor-widget-text-editor\" data-id=\"a8ad6bb\" data-element_type=\"widget\" data-e-type=\"widget\" data-widget_type=\"text-editor.default\">\n\t\t\t\t\t\t\t\t\t<div>S\u00e4mtliche auf dieser Website ver\u00f6ffentlichten Inhalte wie Texte, Bilder und sonstige Materialien unterliegen \u2013 sofern nicht anders angegeben \u2013 dem Urheberrecht des Anbieters oder Dritter.<\/div><div>\u00a0<\/div><div>Jede Form der Vervielf\u00e4ltigung, Verbreitung oder der \u00f6ffentlichen Wiedergabe ist nur mit vorheriger, widerruflicher und nicht \u00fcbertragbarer Zustimmung des Anbieters zul\u00e4ssig.<\/div><div>\u00a0<\/div><div>F\u00fcr Inhalte externer Websites, auf die \u00fcber Links verwiesen wird, \u00fcbernehmen wir keine Haftung, da diese au\u00dferhalb unseres Verantwortungsbereichs liegen. Die verlinkten Seiten wurden zum Zeitpunkt der Verlinkung auf m\u00f6gliche Rechtsverst\u00f6\u00dfe \u00fcberpr\u00fcft; rechtswidrige Inhalte waren dabei nicht erkennbar. F\u00fcr den Inhalt der externen Seiten ist stets der jeweilige Betreiber verantwortlich. F\u00fcr den laufende inhaltliche Kontrolle der verlinkten Seiten erfolgt nicht. Sollten uns Rechtsverletzungen bekannt werden, entfernen wir entsprechende Links unverz\u00fcglich.<\/div>\t\t\t\t\t\t\t\t<\/div>\n\t\t\t\t<\/div>\n\t\t\t\t\t<\/div>\n\t\t\t\t<\/div>\n\t\t\t\t<\/div>","protected":false},"excerpt":{"rendered":"<p>Vertretungsberechtigte Person Dr. Christine Masseli, Peter Masseli Kontakt E-Mail: christin@chi-naturals.de Angaben zum Unternehmen Umsatzsteuer Identifikationsnummer (USt-ID): 014 230 30474 AGB:<\/p>","protected":false},"author":1,"featured_media":0,"parent":0,"menu_order":0,"comment_status":"closed","ping_status":"closed","template":"","meta":{"footnotes":""},"class_list":["post-29357","page","type-page","status-publish","hentry"],"_hostinger_reach_plugin_has_subscription_block":false,"_hostinger_reach_plugin_is_elementor":false,"_links":{"self":[{"href":"https:\/\/chi-naturals.com\/en\/wp-json\/wp\/v2\/pages\/29357","targetHints":{"allow":["GET"]}}],"collection":[{"href":"https:\/\/chi-naturals.com\/en\/wp-json\/wp\/v2\/pages"}],"about":[{"href":"https:\/\/chi-naturals.com\/en\/wp-json\/wp\/v2\/types\/page"}],"author":[{"embeddable":true,"href":"https:\/\/chi-naturals.com\/en\/wp-json\/wp\/v2\/users\/1"}],"replies":[{"embeddable":true,"href":"https:\/\/chi-naturals.com\/en\/wp-json\/wp\/v2\/comments?post=29357"}],"version-history":[{"count":7,"href":"https:\/\/chi-naturals.com\/en\/wp-json\/wp\/v2\/pages\/29357\/revisions"}],"predecessor-version":[{"id":29365,"href":"https:\/\/chi-naturals.com\/en\/wp-json\/wp\/v2\/pages\/29357\/revisions\/29365"}],"wp:attachment":[{"href":"https:\/\/chi-naturals.com\/en\/wp-json\/wp\/v2\/media?parent=29357"}],"curies":[{"name":"wp","href":"https:\/\/api.w.org\/{rel}","templated":true}]}}