{"id":29384,"date":"2026-01-14T05:40:56","date_gmt":"2026-01-14T05:40:56","guid":{"rendered":"https:\/\/chi-naturals.com\/?page_id=29384"},"modified":"2026-01-14T05:47:39","modified_gmt":"2026-01-14T05:47:39","slug":"widerrufsbelehrung","status":"publish","type":"page","link":"https:\/\/chi-naturals.com\/en\/widerrufsbelehrung\/","title":{"rendered":"Widerrufsbelehrung"},"content":{"rendered":"<div data-elementor-type=\"wp-page\" data-elementor-id=\"29384\" class=\"elementor elementor-29384\" data-elementor-settings=\"{&quot;ha_cmc_init_switcher&quot;:&quot;no&quot;}\" data-elementor-post-type=\"page\">\n\t\t\t\t<div class=\"elementor-element elementor-element-bee5e08 e-flex e-con-boxed e-con e-parent\" data-id=\"bee5e08\" data-element_type=\"container\" data-e-type=\"container\" data-settings=\"{&quot;_ha_eqh_enable&quot;:false}\">\n\t\t\t\t\t<div class=\"e-con-inner\">\n\t\t<div class=\"elementor-element elementor-element-4e2fc9d e-con-full e-flex e-con e-child\" data-id=\"4e2fc9d\" data-element_type=\"container\" data-e-type=\"container\" data-settings=\"{&quot;_ha_eqh_enable&quot;:false}\">\n\t\t\t\t<div class=\"elementor-element elementor-element-e5b0246 color-scheme-inherit text-left elementor-widget elementor-widget-text-editor\" data-id=\"e5b0246\" data-element_type=\"widget\" data-e-type=\"widget\" data-widget_type=\"text-editor.default\">\n\t\t\t\t\t\t\t\t\t<p>Verbraucher haben ein gesetzliches Widerrufsrecht. Verbraucher ist jede nat\u00fcrliche Person, die ein Rechtsgesch\u00e4ft zu Zwecken abschlie\u00dft, die \u00fcberwiegend weder ihrer gewerblichen noch ihrer selbst\u00e4ndigen beruflichen T\u00e4tigkeit zugeordnet werden k\u00f6nnen.<\/p>\t\t\t\t\t\t\t\t<\/div>\n\t\t\t\t<\/div>\n\t\t<div class=\"elementor-element elementor-element-0b9866e e-con-full e-flex e-con e-child\" data-id=\"0b9866e\" data-element_type=\"container\" data-e-type=\"container\" data-settings=\"{&quot;_ha_eqh_enable&quot;:false}\">\n\t\t\t\t<div class=\"elementor-element elementor-element-882b24c elementor-widget elementor-widget-heading\" data-id=\"882b24c\" data-element_type=\"widget\" data-e-type=\"widget\" data-widget_type=\"heading.default\">\n\t\t\t\t\t<h2 class=\"elementor-heading-title elementor-size-default\">Widerrufsbelehrung<\/h2>\t\t\t\t<\/div>\n\t\t\t\t<div class=\"elementor-element elementor-element-0821871 color-scheme-inherit text-left elementor-widget elementor-widget-text-editor\" data-id=\"0821871\" data-element_type=\"widget\" data-e-type=\"widget\" data-widget_type=\"text-editor.default\">\n\t\t\t\t\t\t\t\t\t<p>Du hast das Recht, diesen Vertrag innerhalb von 14 Tagen ohne Angabe von Gr\u00fcnden zu widerrufen.<\/p><p>Die Frist beginnt an dem Tag, an dem du oder eine von dir benannte Person (die nicht der Zusteller ist) die Ware erhalten hat.<\/p><p>Um dein Widerrufsrecht auszu\u00fcben, informiere uns bitte eindeutig \u00fcber deinen Entschluss, den Vertrag zu widerrufen \u2013 zum Beispiel per E-Mail.<\/p><p>Kontakt:<\/p><p>Chi Naturals<br \/>Am Ebelfeld 182<br \/>60488 Frankfurt<br \/>E-Mail: christin@chi-naturals.com<\/p><p>Du kannst daf\u00fcr das unten stehende Musterformular verwenden, musst es aber nicht.<\/p>\t\t\t\t\t\t\t\t<\/div>\n\t\t\t\t<\/div>\n\t\t<div class=\"elementor-element elementor-element-5a87b1b e-con-full e-flex e-con e-child\" data-id=\"5a87b1b\" data-element_type=\"container\" data-e-type=\"container\" data-settings=\"{&quot;_ha_eqh_enable&quot;:false}\">\n\t\t\t\t<div class=\"elementor-element elementor-element-1ae5469 elementor-widget elementor-widget-heading\" data-id=\"1ae5469\" data-element_type=\"widget\" data-e-type=\"widget\" data-widget_type=\"heading.default\">\n\t\t\t\t\t<h2 class=\"elementor-heading-title elementor-size-default\">Ausschluss des Widerrufsrechts<\/h2>\t\t\t\t<\/div>\n\t\t\t\t<div class=\"elementor-element elementor-element-66bfb04 color-scheme-inherit text-left elementor-widget elementor-widget-text-editor\" data-id=\"66bfb04\" data-element_type=\"widget\" data-e-type=\"widget\" data-widget_type=\"text-editor.default\">\n\t\t\t\t\t\t\t\t\t<p>Das Widerrufsrecht besteht nicht bei Waren, die aus Gr\u00fcnden des Gesundheitsschutzes oder der Hygiene versiegelt geliefert wurden, wenn diese Versiegelung nach der Lieferung entfernt wurde.<\/p><p>Bei digitalen Produkten (z. B. Downloads, Online-Programme, E-Books) erlischt das Widerrufsrecht, sobald wir mit der Ausf\u00fchrung des Vertrags begonnen haben und du ausdr\u00fccklich zugestimmt hast, dass wir vor Ablauf der Widerrufsfrist starten.<\/p>\t\t\t\t\t\t\t\t<\/div>\n\t\t\t\t<\/div>\n\t\t<div class=\"elementor-element elementor-element-a900bdd e-con-full e-flex e-con e-child\" data-id=\"a900bdd\" data-element_type=\"container\" data-e-type=\"container\" data-settings=\"{&quot;_ha_eqh_enable&quot;:false}\">\n\t\t\t\t<div class=\"elementor-element elementor-element-61061fd elementor-widget elementor-widget-heading\" data-id=\"61061fd\" data-element_type=\"widget\" data-e-type=\"widget\" data-widget_type=\"heading.default\">\n\t\t\t\t\t<h2 class=\"elementor-heading-title elementor-size-default\">R\u00fccksendung der Ware<\/h2>\t\t\t\t<\/div>\n\t\t\t\t<div class=\"elementor-element elementor-element-83db889 color-scheme-inherit text-left elementor-widget elementor-widget-text-editor\" data-id=\"83db889\" data-element_type=\"widget\" data-e-type=\"widget\" data-widget_type=\"text-editor.default\">\n\t\t\t\t\t\t\t\t\t<p>Nach Aus\u00fcbung des Widerrufs musst du die Ware innerhalb von 14 Tagen an uns zur\u00fccksenden.<\/p><p>Weitere Informationen zu Versand und R\u00fccksendung findest du in unseren FAQs.<\/p>\t\t\t\t\t\t\t\t<\/div>\n\t\t\t\t<\/div>\n\t\t<div class=\"elementor-element elementor-element-162187e e-con-full e-flex e-con e-child\" data-id=\"162187e\" data-element_type=\"container\" data-e-type=\"container\" data-settings=\"{&quot;_ha_eqh_enable&quot;:false}\">\n\t\t\t\t<div class=\"elementor-element elementor-element-42297ba elementor-widget elementor-widget-heading\" data-id=\"42297ba\" data-element_type=\"widget\" data-e-type=\"widget\" data-widget_type=\"heading.default\">\n\t\t\t\t\t<h2 class=\"elementor-heading-title elementor-size-default\">Gutscheine<\/h2>\t\t\t\t<\/div>\n\t\t\t\t<div class=\"elementor-element elementor-element-7221b24 color-scheme-inherit text-left elementor-widget elementor-widget-text-editor\" data-id=\"7221b24\" data-element_type=\"widget\" data-e-type=\"widget\" data-widget_type=\"text-editor.default\">\n\t\t\t\t\t\t\t\t\t<p>Geschenkgutscheine sind vom Umtausch ausgeschlossen.<\/p>\t\t\t\t\t\t\t\t<\/div>\n\t\t\t\t<\/div>\n\t\t<div class=\"elementor-element elementor-element-35e9de1 e-con-full e-flex e-con e-child\" data-id=\"35e9de1\" data-element_type=\"container\" data-e-type=\"container\" data-settings=\"{&quot;_ha_eqh_enable&quot;:false}\">\n\t\t\t\t<div class=\"elementor-element elementor-element-0da5fff elementor-widget elementor-widget-heading\" data-id=\"0da5fff\" data-element_type=\"widget\" data-e-type=\"widget\" data-widget_type=\"heading.default\">\n\t\t\t\t\t<h2 class=\"elementor-heading-title elementor-size-default\">Muster-Widerrufsformular<\/h2>\t\t\t\t<\/div>\n\t\t\t\t<div class=\"elementor-element elementor-element-b2278d1 color-scheme-inherit text-left elementor-widget elementor-widget-text-editor\" data-id=\"b2278d1\" data-element_type=\"widget\" data-e-type=\"widget\" data-widget_type=\"text-editor.default\">\n\t\t\t\t\t\t\t\t\t<p>(Wenn du den Vertrag widerrufen m\u00f6chtest, f\u00fclle dieses Formular aus und sende es an uns.)<\/p><p>An:<\/p><p>Chi Naturals<\/p><p>Am Ebelfeld 182<\/p><p>60488 Frankfurt<\/p><p>E-Mail: christin@chi-naturals.com<\/p><p>Hiermit widerrufe(n) ich\/wir den von mir\/uns abgeschlossenen Vertrag \u00fcber den Kauf der folgenden Waren \/ die Erbringung der folgenden Dienstleistung:<\/p><p>______________________________________________________________________________________________________________________________<br \/>Bestellt am _________________ \/ erhalten am ____________________<\/p><p>Name des\/der Verbraucher(s):<\/p><p>____________________________________________________________________________________<\/p><p>Anschrift:<\/p><p>____________________________________________________________________________________<\/p><p>Unterschrift (nur bei Mitteilung auf Papier):<\/p><p>________________________________________________<\/p><p>Datum: ____________________<\/p>\t\t\t\t\t\t\t\t<\/div>\n\t\t\t\t<\/div>\n\t\t<div class=\"elementor-element elementor-element-42566d0 e-con-full e-flex e-con e-child\" data-id=\"42566d0\" data-element_type=\"container\" data-e-type=\"container\" data-settings=\"{&quot;_ha_eqh_enable&quot;:false}\">\n\t\t\t\t<div class=\"elementor-element elementor-element-7508908 elementor-widget elementor-widget-heading\" data-id=\"7508908\" data-element_type=\"widget\" data-e-type=\"widget\" data-widget_type=\"heading.default\">\n\t\t\t\t\t<h2 class=\"elementor-heading-title elementor-size-default\">Hinweise zur R\u00fccksendung von Waren<\/h2>\t\t\t\t<\/div>\n\t\t\t\t<div class=\"elementor-element elementor-element-78995e9 color-scheme-inherit text-left elementor-widget elementor-widget-text-editor\" data-id=\"78995e9\" data-element_type=\"widget\" data-e-type=\"widget\" data-widget_type=\"text-editor.default\">\n\t\t\t\t\t\t\t\t\t<p>Die folgenden Hinweise dienen lediglich der Orientierung und sind keine Voraussetzung f\u00fcr die wirksame Aus\u00fcbung deines Widerrufsrechts.<\/p><ul><li>Bitte sende R\u00fccksendungen nicht unfrei an uns zur\u00fcck.<\/li><li>Achte darauf, dass die Ware unbesch\u00e4digt und sauber bei uns eintrifft.<\/li><li>Verwende nach M\u00f6glichkeit die Originalverpackung inklusive Umverpackung, s\u00e4mtlichem Zubeh\u00f6r und allen Verpackungsbestandteilen.<\/li><li>Falls die Originalverpackung nicht mehr vorhanden ist, nutze bitte eine geeignete Ersatzverpackung, um Transportsch\u00e4den zu vermeiden und m\u00f6gliche Schadensersatzanspr\u00fcche aufgrund unzureichender Verpackung auszuschlie\u00dfen.<\/li><\/ul><p>Weitere Informationen zu Versand und R\u00fccksendung findest du in unseren FAQ unter \u201eR\u00fccksendung\u201c.<\/p>\t\t\t\t\t\t\t\t<\/div>\n\t\t\t\t<\/div>\n\t\t<div class=\"elementor-element elementor-element-d61b755 e-con-full e-flex e-con e-child\" data-id=\"d61b755\" data-element_type=\"container\" data-e-type=\"container\" data-settings=\"{&quot;_ha_eqh_enable&quot;:false}\">\n\t\t\t\t<div class=\"elementor-element elementor-element-02abb57 elementor-widget elementor-widget-heading\" data-id=\"02abb57\" data-element_type=\"widget\" data-e-type=\"widget\" data-widget_type=\"heading.default\">\n\t\t\t\t\t<h2 class=\"elementor-heading-title elementor-size-default\">Widerrufsrecht bei digitalen Produkten<\/h2>\t\t\t\t<\/div>\n\t\t\t\t<div class=\"elementor-element elementor-element-f2f0544 color-scheme-inherit text-left elementor-widget elementor-widget-text-editor\" data-id=\"f2f0544\" data-element_type=\"widget\" data-e-type=\"widget\" data-widget_type=\"text-editor.default\">\n\t\t\t\t\t\t\t\t\t<p>Bei digitalen Inhalten wie E-Books, Downloads, Online-Trainings oder Webinaren erlischt das Widerrufsrecht gem\u00e4\u00df \u00a7 356 Abs. 5 BGB, sobald mit der Ausf\u00fchrung des Vertrags begonnen wurde.<\/p><p>Mit dem Kauf eines digitalen Produkts erkl\u00e4rst du dich ausdr\u00fccklich damit einverstanden, dass wir vor Ablauf der Widerrufsfrist mit der Vertragserf\u00fcllung beginnen. Gleichzeitig best\u00e4tigst du, dass dir bekannt ist, dass du dadurch dein Widerrufsrecht verlierst.<\/p>\t\t\t\t\t\t\t\t<\/div>\n\t\t\t\t<\/div>\n\t\t\t\t\t<\/div>\n\t\t\t\t<\/div>\n\t\t\t\t<\/div>","protected":false},"excerpt":{"rendered":"<p>Verbraucher haben ein gesetzliches Widerrufsrecht. Verbraucher ist jede nat\u00fcrliche Person, die ein Rechtsgesch\u00e4ft zu Zwecken abschlie\u00dft, die \u00fcberwiegend weder ihrer<\/p>","protected":false},"author":1,"featured_media":0,"parent":0,"menu_order":0,"comment_status":"closed","ping_status":"closed","template":"","meta":{"footnotes":""},"class_list":["post-29384","page","type-page","status-publish","hentry"],"_hostinger_reach_plugin_has_subscription_block":false,"_hostinger_reach_plugin_is_elementor":false,"_links":{"self":[{"href":"https:\/\/chi-naturals.com\/en\/wp-json\/wp\/v2\/pages\/29384","targetHints":{"allow":["GET"]}}],"collection":[{"href":"https:\/\/chi-naturals.com\/en\/wp-json\/wp\/v2\/pages"}],"about":[{"href":"https:\/\/chi-naturals.com\/en\/wp-json\/wp\/v2\/types\/page"}],"author":[{"embeddable":true,"href":"https:\/\/chi-naturals.com\/en\/wp-json\/wp\/v2\/users\/1"}],"replies":[{"embeddable":true,"href":"https:\/\/chi-naturals.com\/en\/wp-json\/wp\/v2\/comments?post=29384"}],"version-history":[{"count":10,"href":"https:\/\/chi-naturals.com\/en\/wp-json\/wp\/v2\/pages\/29384\/revisions"}],"predecessor-version":[{"id":29395,"href":"https:\/\/chi-naturals.com\/en\/wp-json\/wp\/v2\/pages\/29384\/revisions\/29395"}],"wp:attachment":[{"href":"https:\/\/chi-naturals.com\/en\/wp-json\/wp\/v2\/media?parent=29384"}],"curies":[{"name":"wp","href":"https:\/\/api.w.org\/{rel}","templated":true}]}}