{"id":4400,"date":"2021-10-12T15:51:09","date_gmt":"2021-10-12T15:51:09","guid":{"rendered":"http:\/\/dummy.xtemos.com\/woodmart2\/elementor\/?page_id=4400"},"modified":"2026-03-29T04:12:22","modified_gmt":"2026-03-29T04:12:22","slug":"ueber-uns","status":"publish","type":"page","link":"https:\/\/chi-naturals.com\/en\/ueber-uns\/","title":{"rendered":"\u00dcBER UNS"},"content":{"rendered":"<div data-elementor-type=\"wp-page\" data-elementor-id=\"4400\" class=\"elementor elementor-4400\" data-elementor-settings=\"{&quot;ha_cmc_init_switcher&quot;:&quot;no&quot;}\" data-elementor-post-type=\"page\">\n\t\t\t\t<div class=\"wd-negative-gap elementor-element elementor-element-20029f0 e-flex e-con-boxed e-con e-parent\" data-id=\"20029f0\" data-element_type=\"container\" data-e-type=\"container\" data-settings=\"{&quot;_ha_eqh_enable&quot;:false}\">\n\t\t\t\t\t<div class=\"e-con-inner\">\n\t\t<div class=\"elementor-element elementor-element-65f612e e-con-full e-flex e-con e-child\" data-id=\"65f612e\" data-element_type=\"container\" data-e-type=\"container\" data-settings=\"{&quot;_ha_eqh_enable&quot;:false}\">\n\t\t\t\t<div class=\"elementor-element elementor-element-1ad640b elementor-widget elementor-widget-image\" data-id=\"1ad640b\" data-element_type=\"widget\" data-e-type=\"widget\" data-widget_type=\"image.default\">\n\t\t\t\t\t\t\t\t\t\t\t\t\t\t\t<img loading=\"lazy\" decoding=\"async\" width=\"1120\" height=\"740\" src=\"https:\/\/chi-naturals.com\/wp-content\/uploads\/2026\/03\/6.png\" class=\"attachment-full size-full wp-image-30175\" alt=\"\" srcset=\"https:\/\/chi-naturals.com\/wp-content\/uploads\/2026\/03\/6.png 1120w, https:\/\/chi-naturals.com\/wp-content\/uploads\/2026\/03\/6-400x264.png 400w, https:\/\/chi-naturals.com\/wp-content\/uploads\/2026\/03\/6-768x507.png 768w, https:\/\/chi-naturals.com\/wp-content\/uploads\/2026\/03\/6-18x12.png 18w, https:\/\/chi-naturals.com\/wp-content\/uploads\/2026\/03\/6-430x284.png 430w, https:\/\/chi-naturals.com\/wp-content\/uploads\/2026\/03\/6-700x463.png 700w, https:\/\/chi-naturals.com\/wp-content\/uploads\/2026\/03\/6-150x99.png 150w\" sizes=\"auto, (max-width: 1120px) 100vw, 1120px\" \/>\t\t\t\t\t\t\t\t\t\t\t\t\t\t\t<\/div>\n\t\t\t\t<\/div>\n\t\t<div class=\"elementor-element elementor-element-baa2b38 e-con-full e-flex e-con e-child\" data-id=\"baa2b38\" data-element_type=\"container\" data-e-type=\"container\" data-settings=\"{&quot;_ha_eqh_enable&quot;:false}\">\n\t\t\t\t<div class=\"elementor-element elementor-element-5ccca24 elementor-widget elementor-widget-heading\" data-id=\"5ccca24\" data-element_type=\"widget\" data-e-type=\"widget\" data-widget_type=\"heading.default\">\n\t\t\t\t\t<h2 class=\"elementor-heading-title elementor-size-default\">Meet the Founder:<br>Dr. Christin<\/h2>\t\t\t\t<\/div>\n\t\t<div class=\"elementor-element elementor-element-ba78282 e-con-full wd-collapsible-content e-flex e-con e-child\" data-id=\"ba78282\" data-element_type=\"container\" data-e-type=\"container\" data-settings=\"{&quot;_ha_eqh_enable&quot;:false}\">\n\t\t\t\t<div class=\"elementor-element elementor-element-c3f10eb elementor-widget elementor-widget-wd_text_block\" data-id=\"c3f10eb\" data-element_type=\"widget\" data-e-type=\"widget\" data-widget_type=\"wd_text_block.default\">\n\t\t\t\t<div class=\"elementor-widget-container\">\n\t\t\t\t\t\t\t<div class=\"wd-text-block reset-last-child text-left\">\n\t\t\t\n\t\t\t<p>Ich bin nicht gestartet, um \u00c4rztin f\u00fcr Chinesische Medizin zu werden. Ich hatte Jura studiert, war fokussiert auf eine klassische Karriere \u2013 w\u00e4hrend mein K\u00f6rper gleichzeitig immer weiter kollabierte. Nahrungsmittelallergien, Verdauungsst\u00f6rungen, Schmerzen, bleierne M\u00fcdigkeit und st\u00e4ndige Infekte brachten mich schlie\u00dflich auf nur 39 Kilo.<\/p><p>Sehr schnell wurde mir klar: Die westliche Medizin hatte keine Antworten f\u00fcr mich.<\/p><p>Aus Verzweiflung zog ich nach China und begann an der Pekinger Universit\u00e4t f\u00fcr Chinesische Medizin zu studieren. Dort fand ich endlich, was ich so lange gesucht hatte: eine Medizin, die nicht Symptome \u00fcberdeckt, sondern Energie aufbaut. Ich lernte, dass Gesundheit nur entsteht, wenn genug Qi da ist \u2013 und dass Pflanzen dort wirken k\u00f6nnen, wo die moderne Medizin an Grenzen st\u00f6\u00dft.<\/p><p>Aus dieser Erfahrung entstand Chi-Naturals.<\/p><p>Nicht als Gesch\u00e4ft, sondern aus dem Wunsch, anderen das zu geben, was ich mir damals so sehr gew\u00fcnscht h\u00e4tte: klare Informationen, echte Ursachenarbeit und Kr\u00e4uter, die wirklich helfen.<\/p><p>Ich habe meine Energie und Gesundheit zur\u00fcckgewonnen.<\/p><p>Heute begleite ich andere dabei, ihre ebenfalls zur\u00fcckzuholen.<\/p>\n\t\t\t\t\t<\/div>\n\t\t\t\t\t\t<\/div>\n\t\t\t\t<\/div>\n\t\t\t\t<div class=\"elementor-element elementor-element-2a41a78 elementor-widget elementor-widget-wd_button\" data-id=\"2a41a78\" data-element_type=\"widget\" data-e-type=\"widget\" data-widget_type=\"wd_button.default\">\n\t\t\t\t<div class=\"elementor-widget-container\">\n\t\t\t\t\t\t\t<div class=\"wd-button-wrapper text-left wd-collapsible-button\" >\n\t\t\t<a class=\"btn btn-style-link btn-shape- btn-size-default btn-icon-pos-right\" >\n\t\t\t\t<span class=\"wd-btn-text\" data-elementor-setting-key=\"text\">\n\t\t\t\t\tWeiterlesen\t\t\t\t<\/span>\n\n\t\t\t\t\t\t\t<\/a>\n\t\t<\/div>\n\t\t\t\t\t\t<\/div>\n\t\t\t\t<\/div>\n\t\t\t\t<\/div>\n\t\t\t\t<\/div>\n\t\t\t\t\t<\/div>\n\t\t\t\t<\/div>\n\t\t<div class=\"wd-negative-gap elementor-element elementor-element-a0d0426 e-flex e-con-boxed e-con e-parent\" data-id=\"a0d0426\" data-element_type=\"container\" data-e-type=\"container\" data-settings=\"{&quot;_ha_eqh_enable&quot;:false}\">\n\t\t\t\t\t<div class=\"e-con-inner\">\n\t\t<div class=\"elementor-element elementor-element-3dc5fa1 e-con-full e-flex e-con e-child\" data-id=\"3dc5fa1\" data-element_type=\"container\" data-e-type=\"container\" data-settings=\"{&quot;_ha_eqh_enable&quot;:false}\">\n\t\t\t\t<div class=\"elementor-element elementor-element-d52edda elementor-widget elementor-widget-heading\" data-id=\"d52edda\" data-element_type=\"widget\" data-e-type=\"widget\" data-widget_type=\"heading.default\">\n\t\t\t\t\t<h2 class=\"elementor-heading-title elementor-size-default\">Unsere Mission<\/h2>\t\t\t\t<\/div>\n\t\t<div class=\"elementor-element elementor-element-09ff7dc e-con-full wd-collapsible-content e-flex e-con e-child\" data-id=\"09ff7dc\" data-element_type=\"container\" data-e-type=\"container\" data-settings=\"{&quot;_ha_eqh_enable&quot;:false}\">\n\t\t\t\t<div class=\"elementor-element elementor-element-0fb643a elementor-widget elementor-widget-wd_text_block\" data-id=\"0fb643a\" data-element_type=\"widget\" data-e-type=\"widget\" data-widget_type=\"wd_text_block.default\">\n\t\t\t\t<div class=\"elementor-widget-container\">\n\t\t\t\t\t\t\t<div class=\"wd-text-block reset-last-child text-left\">\n\t\t\t\n\t\t\t<p>Chi-Naturals steht f\u00fcr eine R\u00fcckkehr zu echter Heilung \u2014 so, wie die Natur sie f\u00fcr uns vorgesehen hat: aus Pflanzen, nicht aus Labor-Pillen.<\/p><p>Unsere Mission ist es, Gesundheit wieder an ihrem Ursprung zu verstehen: nicht als endloses Symptom-Management, sondern als ganzheitliche Wiederherstellung von Balance, Kraft und innerer Stabilit\u00e4t.<\/p><p>Im Zentrum steht dabei immer das Qi \u2014 unsere Lebensenergie. Ohne starkes Qi kann kein System im K\u00f6rper richtig funktionieren. Mit starkem Qi wird Heilung m\u00f6glich.<\/p><p>Unsere Aufgabe bei Chi-Naturals:<\/p><p>die Weisheit der TCM in eine moderne, alltagstaugliche Form zu bringen.<\/p><p>Produkte, die gut schmecken, leicht in den t\u00e4glichen Rhythmus passen und gleichzeitig therapeutisch dosiert sind \u2013 entwickelt von erfahrenen TCM-\u00c4rzten mit echter Praxiserfahrung.<\/p><p>Wir machen TCM zug\u00e4nglich, ohne Kompromisse.<\/p><p>Keine Verd\u00fcnnung, keine Wellness-H\u00fclle, sondern echte Wirksamkeit, verpackt in funktionale Produkte, die dich in deinem Alltag unterst\u00fctzen.<\/p><p>Chi-Naturals ist mehr als eine Marke.<\/p><p>Es ist eine Mission: Menschen zur\u00fcck zu Energie, Gesundheit und nat\u00fcrlicher Heilung zu f\u00fchren \u2013 mit der Kraft der Pflanzen.<\/p>\n\t\t\t\t\t<\/div>\n\t\t\t\t\t\t<\/div>\n\t\t\t\t<\/div>\n\t\t\t\t<div class=\"elementor-element elementor-element-2324864 elementor-widget elementor-widget-wd_button\" data-id=\"2324864\" data-element_type=\"widget\" data-e-type=\"widget\" data-widget_type=\"wd_button.default\">\n\t\t\t\t<div class=\"elementor-widget-container\">\n\t\t\t\t\t\t\t<div class=\"wd-button-wrapper text-left wd-collapsible-button\" >\n\t\t\t<a class=\"btn btn-style-link btn-shape- btn-size-default btn-icon-pos-right\" >\n\t\t\t\t<span class=\"wd-btn-text\" data-elementor-setting-key=\"text\">\n\t\t\t\t\tWeiterlesen\t\t\t\t<\/span>\n\n\t\t\t\t\t\t\t<\/a>\n\t\t<\/div>\n\t\t\t\t\t\t<\/div>\n\t\t\t\t<\/div>\n\t\t\t\t<\/div>\n\t\t\t\t<\/div>\n\t\t<div class=\"elementor-element elementor-element-085c8c6 e-con-full e-flex e-con e-child\" data-id=\"085c8c6\" data-element_type=\"container\" data-e-type=\"container\" data-settings=\"{&quot;_ha_eqh_enable&quot;:false}\">\n\t\t\t\t<div class=\"elementor-element elementor-element-3f862b2 elementor-widget elementor-widget-image\" data-id=\"3f862b2\" data-element_type=\"widget\" data-e-type=\"widget\" data-widget_type=\"image.default\">\n\t\t\t\t\t\t\t\t\t\t\t\t\t\t\t<img loading=\"lazy\" decoding=\"async\" width=\"1536\" height=\"1024\" src=\"https:\/\/chi-naturals.com\/wp-content\/uploads\/2026\/03\/Pic-1-2.png\" class=\"attachment-full size-full wp-image-29935\" alt=\"\" srcset=\"https:\/\/chi-naturals.com\/wp-content\/uploads\/2026\/03\/Pic-1-2.png 1536w, https:\/\/chi-naturals.com\/wp-content\/uploads\/2026\/03\/Pic-1-2-400x267.png 400w, https:\/\/chi-naturals.com\/wp-content\/uploads\/2026\/03\/Pic-1-2-1200x800.png 1200w, https:\/\/chi-naturals.com\/wp-content\/uploads\/2026\/03\/Pic-1-2-768x512.png 768w, https:\/\/chi-naturals.com\/wp-content\/uploads\/2026\/03\/Pic-1-2-18x12.png 18w, https:\/\/chi-naturals.com\/wp-content\/uploads\/2026\/03\/Pic-1-2-430x287.png 430w, https:\/\/chi-naturals.com\/wp-content\/uploads\/2026\/03\/Pic-1-2-700x467.png 700w, https:\/\/chi-naturals.com\/wp-content\/uploads\/2026\/03\/Pic-1-2-150x100.png 150w\" sizes=\"auto, (max-width: 1536px) 100vw, 1536px\" \/>\t\t\t\t\t\t\t\t\t\t\t\t\t\t\t<\/div>\n\t\t\t\t<\/div>\n\t\t\t\t\t<\/div>\n\t\t\t\t<\/div>\n\t\t<div class=\"wd-negative-gap elementor-element elementor-element-e4bf6b7 e-flex e-con-boxed e-con e-parent\" data-id=\"e4bf6b7\" data-element_type=\"container\" data-e-type=\"container\" data-settings=\"{&quot;_ha_eqh_enable&quot;:false}\">\n\t\t\t\t\t<div class=\"e-con-inner\">\n\t\t<div class=\"elementor-element elementor-element-5d3d398 e-con-full e-flex e-con e-child\" data-id=\"5d3d398\" data-element_type=\"container\" data-e-type=\"container\" data-settings=\"{&quot;_ha_eqh_enable&quot;:false}\">\n\t\t\t\t<div class=\"elementor-element elementor-element-6eeb3fa elementor-widget elementor-widget-image\" data-id=\"6eeb3fa\" data-element_type=\"widget\" data-e-type=\"widget\" data-widget_type=\"image.default\">\n\t\t\t\t\t\t\t\t\t\t\t\t\t\t\t<img loading=\"lazy\" decoding=\"async\" width=\"1120\" height=\"740\" src=\"https:\/\/chi-naturals.com\/wp-content\/uploads\/2026\/03\/5.png\" class=\"attachment-full size-full wp-image-30176\" alt=\"\" srcset=\"https:\/\/chi-naturals.com\/wp-content\/uploads\/2026\/03\/5.png 1120w, https:\/\/chi-naturals.com\/wp-content\/uploads\/2026\/03\/5-400x264.png 400w, https:\/\/chi-naturals.com\/wp-content\/uploads\/2026\/03\/5-768x507.png 768w, https:\/\/chi-naturals.com\/wp-content\/uploads\/2026\/03\/5-18x12.png 18w, https:\/\/chi-naturals.com\/wp-content\/uploads\/2026\/03\/5-430x284.png 430w, https:\/\/chi-naturals.com\/wp-content\/uploads\/2026\/03\/5-700x463.png 700w, https:\/\/chi-naturals.com\/wp-content\/uploads\/2026\/03\/5-150x99.png 150w\" sizes=\"auto, (max-width: 1120px) 100vw, 1120px\" \/>\t\t\t\t\t\t\t\t\t\t\t\t\t\t\t<\/div>\n\t\t\t\t<\/div>\n\t\t<div class=\"elementor-element elementor-element-50643cc e-con-full e-flex e-con e-child\" data-id=\"50643cc\" data-element_type=\"container\" data-e-type=\"container\" data-settings=\"{&quot;_ha_eqh_enable&quot;:false}\">\n\t\t\t\t<div class=\"elementor-element elementor-element-e01b47b elementor-widget elementor-widget-heading\" data-id=\"e01b47b\" data-element_type=\"widget\" data-e-type=\"widget\" data-widget_type=\"heading.default\">\n\t\t\t\t\t<h2 class=\"elementor-heading-title elementor-size-default\"><strong>Was ist TCM?<\/strong><\/h2>\t\t\t\t<\/div>\n\t\t<div class=\"elementor-element elementor-element-8437ec6 e-con-full wd-collapsible-content e-flex e-con e-child\" data-id=\"8437ec6\" data-element_type=\"container\" data-e-type=\"container\" data-settings=\"{&quot;_ha_eqh_enable&quot;:false}\">\n\t\t\t\t<div class=\"elementor-element elementor-element-45fc084 elementor-widget elementor-widget-wd_text_block\" data-id=\"45fc084\" data-element_type=\"widget\" data-e-type=\"widget\" data-widget_type=\"wd_text_block.default\">\n\t\t\t\t<div class=\"elementor-widget-container\">\n\t\t\t\t\t\t\t<div class=\"wd-text-block reset-last-child text-left\">\n\t\t\t\n\t\t\t<p>Die Traditionelle Chinesische Medizin (TCM) ist ein ganzheitliches medizinisches System zur Vorbeugung, Diagnose und Behandlung von Krankheiten \u2014 entstanden vor \u00fcber 2000 Jahren im Alten China. Sie betrachtet nicht nur Symptome, sondern das Zusammenspiel des gesamten K\u00f6rpers.<\/p><p>Im Zentrum der TCM steht das Konzept des Qi \u2013 unserer Lebensenergie.<\/p><p>Qi ist die Kraft, die alles im K\u00f6rper antreibt: Verdauung, Regeneration, Immunabwehr, Hormone, Emotionen und unsere F\u00e4higkeit, Stress zu bew\u00e4ltigen.<\/p><p>Die TCM sagt:<\/p><p>Wenn Qi stark und frei flie\u00dft, kann Krankheit keinen Halt finden.<\/p><p>Gesundheit beginnt immer mit einem gesunden Qi.<\/p><p>Ist unser Qi kr\u00e4ftig, f\u00fchlen wir uns energiegeladen, ausgeglichen und robust.<\/p><p>Ist es geschw\u00e4cht, entstehen M\u00fcdigkeit, Verdauungsprobleme, Infekte, hormonelles Chaos oder das Gef\u00fchl, innerlich \u201eausgelaugt\u201c zu sein.<\/p><p>Und genau hier kommt eines der \u00e4ltesten Werkzeuge der TCM ins Spiel: Heilpflanzen.<\/p><p>TCM vertraut seit Jahrtausenden auf die Kraft von Wurzeln, Beeren, Pilzen, Rinden und Bl\u00fcten \u2013 von Ginseng bis Astragalus, von Chrysantheme bis Reishi. Pflanzen, die gezielt Qi st\u00e4rken, Stressresilienz verbessern, die Verdauung stabilisieren oder das Immunsystem aufbauen.<\/p><p>TCM hilft, Qi wieder aufzubauen \u2014 und schafft damit die Grundlage f\u00fcr echte, stabile Gesundheit, statt nur an Symptomen herumzudoktern.<\/p>\n\t\t\t\t\t<\/div>\n\t\t\t\t\t\t<\/div>\n\t\t\t\t<\/div>\n\t\t\t\t<div class=\"elementor-element elementor-element-8184ec8 elementor-widget elementor-widget-wd_button\" data-id=\"8184ec8\" data-element_type=\"widget\" data-e-type=\"widget\" data-widget_type=\"wd_button.default\">\n\t\t\t\t<div class=\"elementor-widget-container\">\n\t\t\t\t\t\t\t<div class=\"wd-button-wrapper text-left wd-collapsible-button\" >\n\t\t\t<a class=\"btn btn-style-link btn-shape- btn-size-default btn-icon-pos-right\" >\n\t\t\t\t<span class=\"wd-btn-text\" data-elementor-setting-key=\"text\">\n\t\t\t\t\tWeiterlesen\t\t\t\t<\/span>\n\n\t\t\t\t\t\t\t<\/a>\n\t\t<\/div>\n\t\t\t\t\t\t<\/div>\n\t\t\t\t<\/div>\n\t\t\t\t<\/div>\n\t\t\t\t<\/div>\n\t\t\t\t\t<\/div>\n\t\t\t\t<\/div>\n\t\t\t\t<\/div>","protected":false},"excerpt":{"rendered":"<p>Meet the Founder:Dr. Christin Ich bin nicht gestartet, um \u00c4rztin f\u00fcr Chinesische Medizin zu werden. Ich hatte Jura studiert, war<\/p>","protected":false},"author":1,"featured_media":0,"parent":0,"menu_order":0,"comment_status":"closed","ping_status":"closed","template":"","meta":{"footnotes":""},"class_list":["post-4400","page","type-page","status-publish","hentry"],"_hostinger_reach_plugin_has_subscription_block":false,"_hostinger_reach_plugin_is_elementor":false,"_links":{"self":[{"href":"https:\/\/chi-naturals.com\/en\/wp-json\/wp\/v2\/pages\/4400","targetHints":{"allow":["GET"]}}],"collection":[{"href":"https:\/\/chi-naturals.com\/en\/wp-json\/wp\/v2\/pages"}],"about":[{"href":"https:\/\/chi-naturals.com\/en\/wp-json\/wp\/v2\/types\/page"}],"author":[{"embeddable":true,"href":"https:\/\/chi-naturals.com\/en\/wp-json\/wp\/v2\/users\/1"}],"replies":[{"embeddable":true,"href":"https:\/\/chi-naturals.com\/en\/wp-json\/wp\/v2\/comments?post=4400"}],"version-history":[{"count":64,"href":"https:\/\/chi-naturals.com\/en\/wp-json\/wp\/v2\/pages\/4400\/revisions"}],"predecessor-version":[{"id":30179,"href":"https:\/\/chi-naturals.com\/en\/wp-json\/wp\/v2\/pages\/4400\/revisions\/30179"}],"wp:attachment":[{"href":"https:\/\/chi-naturals.com\/en\/wp-json\/wp\/v2\/media?parent=4400"}],"curies":[{"name":"wp","href":"https:\/\/api.w.org\/{rel}","templated":true}]}}