{"id":29097,"date":"2025-12-30T10:13:21","date_gmt":"2025-12-30T10:13:21","guid":{"rendered":"https:\/\/chi-naturals.com\/?post_type=product&#038;p=29097"},"modified":"2026-03-10T07:52:49","modified_gmt":"2026-03-10T07:52:49","slug":"ener-chi","status":"publish","type":"product","link":"https:\/\/chi-naturals.com\/en\/product\/ener-chi\/","title":{"rendered":"Ener-Chi"},"content":{"rendered":"","protected":false},"excerpt":{"rendered":"<p>Nat\u00fcrlich mehr Energie, Lebenskraft und Vitalit\u00e4t \u2013 f\u00fcr K\u00f6rper, Geist und ein starkes Immunsystem.<\/p>\n<p>Unsere speziell entwickelte Rezeptur kombiniert kraftvolle adaptogene Kr\u00e4uter wie Astragalus, Maca, Schizandra und Ingwer mit wertvollen Vitaminen (B1, B6, C) und Orangenschalen-Extrakt. Ener-Chi unterst\u00fctzt dich auf nat\u00fcrliche Weise dabei, deinen Alltag energiegeladen, fokussiert und widerstandsf\u00e4hig zu meistern \u2013 ganz ohne Zucker, Koffein oder k\u00fcnstliche Aromen und Farbstoffe.<\/p>\n<p>Ob du einen hektischen Alltag managst, hohe Anforderungen bew\u00e4ltigst oder einfach mehr Energie und Fokus f\u00fcr deine t\u00e4glichen Aufgaben brauchst \u2013 Ener-Chi hilft dir, k\u00f6rperliche und mentale Belastungen auszugleichen und unterst\u00fctzt dich dabei, dich energiegeladen, stabil und widerstandsf\u00e4hig zu f\u00fchlen.<\/p>","protected":false},"featured_media":29821,"comment_status":"open","ping_status":"closed","template":"","meta":[],"product_brand":[],"product_cat":[23],"product_tag":[],"class_list":{"0":"post-29097","1":"product","2":"type-product","3":"status-publish","4":"has-post-thumbnail","6":"product_cat-uebersicht","8":"first","9":"instock","10":"sale","11":"shipping-taxable","12":"purchasable","13":"product-type-variable","14":"has-default-attributes"},"_links":{"self":[{"href":"https:\/\/chi-naturals.com\/en\/wp-json\/wp\/v2\/product\/29097","targetHints":{"allow":["GET"]}}],"collection":[{"href":"https:\/\/chi-naturals.com\/en\/wp-json\/wp\/v2\/product"}],"about":[{"href":"https:\/\/chi-naturals.com\/en\/wp-json\/wp\/v2\/types\/product"}],"replies":[{"embeddable":true,"href":"https:\/\/chi-naturals.com\/en\/wp-json\/wp\/v2\/comments?post=29097"}],"version-history":[{"count":9,"href":"https:\/\/chi-naturals.com\/en\/wp-json\/wp\/v2\/product\/29097\/revisions"}],"predecessor-version":[{"id":29153,"href":"https:\/\/chi-naturals.com\/en\/wp-json\/wp\/v2\/product\/29097\/revisions\/29153"}],"wp:featuredmedia":[{"embeddable":true,"href":"https:\/\/chi-naturals.com\/en\/wp-json\/wp\/v2\/media\/29821"}],"wp:attachment":[{"href":"https:\/\/chi-naturals.com\/en\/wp-json\/wp\/v2\/media?parent=29097"}],"wp:term":[{"taxonomy":"product_brand","embeddable":true,"href":"https:\/\/chi-naturals.com\/en\/wp-json\/wp\/v2\/product_brand?post=29097"},{"taxonomy":"product_cat","embeddable":true,"href":"https:\/\/chi-naturals.com\/en\/wp-json\/wp\/v2\/product_cat?post=29097"},{"taxonomy":"product_tag","embeddable":true,"href":"https:\/\/chi-naturals.com\/en\/wp-json\/wp\/v2\/product_tag?post=29097"}],"curies":[{"name":"wp","href":"https:\/\/api.w.org\/{rel}","templated":true}]}}